{"id":3441,"date":"2024-06-04T16:12:57","date_gmt":"2024-06-04T16:12:57","guid":{"rendered":"https:\/\/miamilendingadvisors.com\/es\/?post_type=product&#038;p=3441"},"modified":"2024-12-24T17:41:19","modified_gmt":"2024-12-24T22:41:19","slug":"prestamos-fha-vivienda","status":"publish","type":"product","link":"https:\/\/miamilendingadvisors.com\/es\/producto\/prestamos-fha-vivienda\/","title":{"rendered":"Pr\u00e9stamos FHA para Vivienda"},"content":{"rendered":"<h2>Un pr\u00e9stamo hipotecario de la FHA puede conseguirle una casa con un bajo pago inicial<\/h2>\n<p>Uno de los mayores obst\u00e1culos a los que se enfrentan los compradores de vivienda por primera vez es ahorrar para el pago inicial de una vivienda.<\/p>\n<p>Obtenga su presupuesto M\u00e1s informaci\u00f3n<\/p>\n<p>Un pr\u00e9stamo de la FHA proporciona un pr\u00e9stamo asegurado por el gobierno con opciones de pr\u00e9stamo flexibles. Incluso los propietarios con experiencia pueden necesitar planificar durante mucho tiempo la compra de una nueva vivienda. Afortunadamente, los pr\u00e9stamos de la FHA pueden ayudar a algunos compradores a conseguir la casa de sus sue\u00f1os con un pago inicial m\u00e1s bajo.<\/p>\n<p>Traducci\u00f3n realizada con la versi\u00f3n gratuita del traductor DeepL.com<\/p>\n<h2>\u00bfQu\u00e9 es un pr\u00e9stamo FHA?<\/h2>\n<p>Los pr\u00e9stamos FHA son hipotecas respaldadas por la Administraci\u00f3n Federal de la Vivienda de Estados Unidos. Los prestamistas, como bancos y cooperativas de cr\u00e9dito, que conceden pr\u00e9stamos de la FHA ofrecen financiaci\u00f3n para la compra de viviendas y exigen un pago inicial m\u00e1s bajo. Los compradores pueden acceder a una vivienda nueva con tan s\u00f3lo un 3,5% de entrada.<\/p>\n<p>Con los pr\u00e9stamos convencionales, un pago inicial m\u00e1s bajo requiere que el prestatario obtenga un seguro hipotecario privado. Este tipo especial de seguro protege al prestamista en caso de que el prestatario no pueda pagar. El coste del PMI se a\u00f1ade a la cuota mensual hasta que el importe del pr\u00e9stamo alcanza el 20%. Los pr\u00e9stamos de la FHA, en cambio, no requieren PMI porque est\u00e1n respaldados por el gobierno de EE. UU. A menudo se requiere un escrutinio adicional durante el proceso de solicitud de un pr\u00e9stamo FHA.<\/p>\n<h2>\u00bfQu\u00e9 se requiere para un pr\u00e9stamo FHA en Miami?<\/h2>\n<p>Para un pr\u00e9stamo de la FHA se requieren muchos de los mismos documentos que cualquier prestamista potencial querr\u00e1 ver: historial de empleo, tasaci\u00f3n, ratio deuda-ingresos. Algunas estipulaciones adicionales tambi\u00e9n se adjuntan al proceso de pr\u00e9stamo de la FHA. Los compradores pueden tener que aportar el 3,5% del precio de compra como pago inicial, m\u00e1s si tienen una puntuaci\u00f3n de cr\u00e9dito inferior a 580. Los pr\u00e9stamos FHA s\u00f3lo est\u00e1n disponibles para la residencia principal del prestatario.<\/p>\n<p>Los requisitos de cr\u00e9dito tambi\u00e9n pueden ser menores para los pr\u00e9stamos de la FHA, dado que otros factores demuestran que el prestatario es capaz de administrar su dinero de forma responsable. Cada prestamista examina las solicitudes individuales y puede pedir documentaci\u00f3n o explicaciones adicionales. A menudo pueden trabajar con compradores con una puntuaci\u00f3n crediticia m\u00e1s baja o un historial crediticio m\u00e1s corto que en otras situaciones.<\/p>\n<h2>C\u00f3mo funcionan los pr\u00e9stamos FHA en Miami<\/h2>\n<ul>\n<li>Adquiera su vivienda con tan s\u00f3lo un 3,5% de pago inicial (frente al 20% exigido en la mayor\u00eda de los pr\u00e9stamos).<\/li>\n<li>Plazos de 30, 25, 20 y 15 a\u00f1os con tipos fijos.<\/li>\n<li>Hipoteca de inter\u00e9s variable a 5 a\u00f1os disponible.<\/li>\n<li>Pague su hipoteca en cualquier momento sin penalizaciones por pago anticipado.<\/li>\n<\/ul>\n<p>\u00bfTiene preguntas? Ll\u00e1menos. Uno de nuestros especialistas en hipotecas estar\u00e1 encantado de responder a todas sus preguntas.<\/p>\n<p>**Miami Lending Advisors no est\u00e1 afiliado con o actuando en nombre de o en la direcci\u00f3n de la FHA, VA, USDA o el Gobierno Federal.<\/p>\n<p>\u00a1Comience hoy mismo!<\/p>\n<h3 style=\"text-align: center;\">\u00bfEs usted un agente inmobiliario TOP en Florida?<\/h3>\n<p style=\"text-align: center;\">Vamos a explorar las opciones de pr\u00e9stamos de su cliente.<\/p>\n","protected":false},"excerpt":{"rendered":"<div class=\"avatar-gutter ng-tns-c1434383457-37 ng-star-inserted\">\n<div class=\"resize-observable\"><\/div>\n<\/div>\n<div class=\"response-container-content ng-tns-c1434383457-37\">\n<div class=\"response-content ng-tns-c1434383457-37\">\n<div class=\"markdown markdown-main-panel\" dir=\"ltr\">\n<p>Desbloquee la propiedad de vivienda con pr\u00e9stamos FHA en Miami<\/p>\n<p>\u00bfSo\u00f1ando con ser propietario de una casa en Miami? Los pr\u00e9stamos FHA pueden ser la clave. Con tan solo 3.5% de enganche, estas hipotecas respaldadas por el gobierno hacen que la compra de una casa sea alcanzable para compradores primerizos y para aquellos con ahorros limitados. Incluso los compradores experimentados pueden beneficiarse de las opciones flexibles que ofrecen los pr\u00e9stamos de la FHA.<\/p>\n<p>\u00bfPor qu\u00e9 elegir un pr\u00e9stamo FHA?<\/p>\n<p>Pago inicial bajo: Ponga abajo tan poco como 3.5%, haciendo homeownership m\u00e1s accesible.<br \/>\nRequisitos de cr\u00e9dito flexibles: Los pr\u00e9stamos FHA son m\u00e1s indulgentes que los pr\u00e9stamos convencionales, teniendo en cuenta factores m\u00e1s all\u00e1 de su puntuaci\u00f3n de cr\u00e9dito.<br \/>\nSin PMI: Evite el seguro hipotecario privado, ahorrando dinero cada mes.<br \/>\nVarios plazos de pr\u00e9stamo: Elija entre tasas fijas a 15, 20, 25 \u00f3 30 a\u00f1os, o incluso una hipoteca de tasa ajustable (ARM) a 5 a\u00f1os.<\/p>\n<p>\u00a1Empiece hoy mismo!<\/p>\n<\/div>\n<\/div>\n<\/div>\n","protected":false},"featured_media":5134,"comment_status":"open","ping_status":"closed","template":"","meta":[],"product_brand":[],"product_cat":[48],"product_tag":[],"class_list":{"0":"post-3441","1":"product","2":"type-product","3":"status-publish","4":"has-post-thumbnail","6":"product_cat-fha","7":"sales-flash-overlay","8":"woocommerce-text-align-center","9":"woocommerce-image-align-center","10":"do-quantity-buttons","12":"first","13":"outofstock","14":"shipping-taxable","15":"product-type-simple"},"_links":{"self":[{"href":"https:\/\/miamilendingadvisors.com\/es\/wp-json\/wp\/v2\/product\/3441","targetHints":{"allow":["GET"]}}],"collection":[{"href":"https:\/\/miamilendingadvisors.com\/es\/wp-json\/wp\/v2\/product"}],"about":[{"href":"https:\/\/miamilendingadvisors.com\/es\/wp-json\/wp\/v2\/types\/product"}],"replies":[{"embeddable":true,"href":"https:\/\/miamilendingadvisors.com\/es\/wp-json\/wp\/v2\/comments?post=3441"}],"version-history":[{"count":9,"href":"https:\/\/miamilendingadvisors.com\/es\/wp-json\/wp\/v2\/product\/3441\/revisions"}],"predecessor-version":[{"id":5342,"href":"https:\/\/miamilendingadvisors.com\/es\/wp-json\/wp\/v2\/product\/3441\/revisions\/5342"}],"wp:featuredmedia":[{"embeddable":true,"href":"https:\/\/miamilendingadvisors.com\/es\/wp-json\/wp\/v2\/media\/5134"}],"wp:attachment":[{"href":"https:\/\/miamilendingadvisors.com\/es\/wp-json\/wp\/v2\/media?parent=3441"}],"wp:term":[{"taxonomy":"product_brand","embeddable":true,"href":"https:\/\/miamilendingadvisors.com\/es\/wp-json\/wp\/v2\/product_brand?post=3441"},{"taxonomy":"product_cat","embeddable":true,"href":"https:\/\/miamilendingadvisors.com\/es\/wp-json\/wp\/v2\/product_cat?post=3441"},{"taxonomy":"product_tag","embeddable":true,"href":"https:\/\/miamilendingadvisors.com\/es\/wp-json\/wp\/v2\/product_tag?post=3441"}],"curies":[{"name":"wp","href":"https:\/\/api.w.org\/{rel}","templated":true}]}}