{"id":2915,"date":"2024-05-21T21:23:53","date_gmt":"2024-05-21T21:23:53","guid":{"rendered":"https:\/\/miamilendingadvisors.com\/es\/?post_type=product&#038;p=2915"},"modified":"2025-09-27T13:24:10","modified_gmt":"2025-09-27T18:24:10","slug":"prestamos-comerciales-multifamiliares","status":"publish","type":"product","link":"https:\/\/miamilendingadvisors.com\/es\/producto\/prestamos-comerciales-multifamiliares\/","title":{"rendered":"Pr\u00e9stamos Comerciales y Multifamiliares"},"content":{"rendered":"<p><span style=\"font-weight: 400;\"><span style=\"vertical-align: inherit;\"><span style=\"vertical-align: inherit;\">\u00bfEst\u00e1 interesado en comprar, desarrollar o refinanciar propiedades multifamiliares en el sur de Florida? En Miami Lending Advisors nos especializamos en una amplia variedad de pr\u00e9stamos comerciales y multifamiliares, incluidos apartamentos, d\u00faplex, tr\u00edplex y edificios residenciales completos.<\/span><\/span><\/span><\/p>\n<p><span style=\"font-weight: 400;\"><span style=\"vertical-align: inherit;\"><span style=\"vertical-align: inherit;\">Hacemos que los pr\u00e9stamos multifamiliares en Miami sean f\u00e1ciles y accesibles.<\/span><\/span><\/span><\/p>\n<h2><span style=\"font-weight: 400;\"><span style=\"vertical-align: inherit;\"><span style=\"vertical-align: inherit;\">\u00bfCu\u00e1l es la diferencia entre Comercial (para fines residenciales) y Multifamiliar?\u00a0<\/span><\/span><\/span><\/h2>\n<p><span style=\"font-weight: 400;\"><span style=\"vertical-align: inherit;\"><span style=\"vertical-align: inherit;\">Una propiedad multifamiliar es un edificio dividido para que m\u00e1s de una familia viva por separado. Puede ser tan peque\u00f1o como un d\u00faplex con dos casas o un peque\u00f1o edificio de apartamentos con hasta cuatro unidades. Los edificios residenciales con m\u00e1s de cuatro apartamentos suelen ser comerciales.<\/span><\/span><\/span><\/p>\n<h2><span style=\"font-weight: 400;\"><span style=\"vertical-align: inherit;\"><span style=\"vertical-align: inherit;\">\u00bfQu\u00e9 hace que Miami Lending Advisors sea la opci\u00f3n correcta?<\/span><\/span><\/span><\/h2>\n<h3><span style=\"font-weight: 400;\"><span style=\"vertical-align: inherit;\"><span style=\"vertical-align: inherit;\">Proceso sin fisuras<\/span><\/span><\/span><\/h3>\n<p><b><span style=\"vertical-align: inherit;\"><span style=\"vertical-align: inherit;\">Consulta Gratuita: <\/span><\/span><\/b><span style=\"font-weight: 400;\"><span style=\"vertical-align: inherit;\"><span style=\"vertical-align: inherit;\">Descubre tus cualificaciones y requisitos en una evaluaci\u00f3n muy amigable y especializada.<\/span><\/span><\/span><\/p>\n<p><b><span style=\"vertical-align: inherit;\"><span style=\"vertical-align: inherit;\">Aprobaci\u00f3n r\u00e1pida: <\/span><\/span><\/b><span style=\"font-weight: 400;\"><span style=\"vertical-align: inherit;\"><span style=\"vertical-align: inherit;\">Benef\u00edciese de nuestro sencillo proceso de solicitud de pr\u00e9stamos y del r\u00e1pido desembolso del financiamiento.<\/span><\/span><\/span><\/p>\n<p><b><span style=\"vertical-align: inherit;\"><span style=\"vertical-align: inherit;\">Acceso a Programas: <\/span><\/span><\/b><span style=\"font-weight: 400;\"><span style=\"vertical-align: inherit;\"><span style=\"vertical-align: inherit;\">Ofrecemos una amplia red de prestamistas del sur de Florida con tasas y condiciones razonables.<\/span><\/span><\/span><\/p>\n<p><b><span style=\"vertical-align: inherit;\"><span style=\"vertical-align: inherit;\">Servicio centrado en el cliente: <\/span><\/span><\/b><span style=\"font-weight: 400;\"><span style=\"vertical-align: inherit;\"><span style=\"vertical-align: inherit;\">experimente un servicio amable y experto con un compromiso con la transparencia y la comprensi\u00f3n.<\/span><\/span><\/span><\/p>\n<h2><span style=\"font-weight: 400;\"><span style=\"vertical-align: inherit;\"><span style=\"vertical-align: inherit;\">C\u00f3mo obtener un pr\u00e9stamo comercial o multifamiliar con Miami Lending Advisors<\/span><\/span><\/span><\/h2>\n<p><span style=\"font-weight: 400;\"><span style=\"vertical-align: inherit;\"><span style=\"vertical-align: inherit;\">Le ayudamos a evaluar todos los programas disponibles, incluidos sus requisitos de elegibilidad y caracter\u00edsticas del pr\u00e9stamo, para identificar el mejor pr\u00e9stamo inmobiliario multifamiliar o comercial para su propiedad.\u00a0<\/span><\/span><\/span><\/p>\n<p><span style=\"font-weight: 400;\"><span style=\"vertical-align: inherit;\"><span style=\"vertical-align: inherit;\">Tenemos en cuenta los detalles de la propiedad, las calificaciones del prestatario, el uso previsto, etc.<\/span><\/span><\/span><\/p>\n<p><span style=\"font-weight: 400;\"><span style=\"vertical-align: inherit;\"><span style=\"vertical-align: inherit;\">Para preparar su solicitud de pr\u00e9stamo, re\u00fana los datos b\u00e1sicos de su propiedad, el valor actual y esperado, los costos de construcci\u00f3n o renovaci\u00f3n, las tasas de ocupaci\u00f3n, los gastos como impuestos, mantenimiento y seguros y otros detalles relevantes. Los prestamistas tambi\u00e9n pueden solicitar informaci\u00f3n sobre su actividad en la inversi\u00f3n inmobiliaria multifamiliar, incluido el valor de la cartera, los pr\u00e9stamos pendientes, los ingresos y gastos de la propiedad y la estructura de propiedad.<\/span><\/span><\/span><\/p>\n<h2><span style=\"font-weight: 400;\"><span style=\"vertical-align: inherit;\"><span style=\"vertical-align: inherit;\">P\u00f3ngase en contacto con nosotros hoy<\/span><\/span><\/span><\/h2>\n<p><span style=\"font-weight: 400;\"><span style=\"vertical-align: inherit;\"><span style=\"vertical-align: inherit;\">Miami Lending Advisors simplifica el procedimiento de solicitud de pr\u00e9stamo y garantiza que se examinen su propiedad y su estado actual.<\/span><\/span><\/span><\/p>\n<p><span style=\"font-weight: 400;\"><span style=\"vertical-align: inherit;\"><span style=\"vertical-align: inherit;\">Utilice nuestro conocimiento y nuestros servicios personalizados para tener \u00e9xito en la inversi\u00f3n en propiedades multifamiliares. Deje que Miami Lending Advisors lo ayude con la financiaci\u00f3n de propiedades multifamiliares comerciales en Miami con una consulta gratuita ahora.<\/span><\/span><\/span><\/p>\n","protected":false},"excerpt":{"rendered":"<p>\u00bfEst\u00e1 interesado en comprar, desarrollar o refinanciar propiedades multifamiliares en el sur de Florida? En Miami Lending Advisors nos especializamos en una amplia variedad de pr\u00e9stamos comerciales y multifamiliares, incluidos apartamentos, d\u00faplex, tr\u00edplex y edificios residenciales completos. Hacemos que los pr\u00e9stamos multifamiliares en Miami sean f\u00e1ciles y accesibles. \u00bfCu\u00e1l es la diferencia entre Comercial (para &#8230; <a title=\"Pr\u00e9stamos Comerciales y Multifamiliares\" class=\"read-more\" href=\"https:\/\/miamilendingadvisors.com\/es\/producto\/prestamos-comerciales-multifamiliares\/\" aria-label=\"Read more about Pr\u00e9stamos Comerciales y Multifamiliares\">Read more<\/a><\/p>\n","protected":false},"featured_media":5167,"comment_status":"open","ping_status":"closed","template":"","meta":[],"product_brand":[],"product_cat":[32],"product_tag":[],"class_list":{"0":"post-2915","1":"product","2":"type-product","3":"status-publish","4":"has-post-thumbnail","6":"product_cat-florida","7":"sales-flash-overlay","8":"woocommerce-text-align-center","9":"woocommerce-image-align-center","10":"do-quantity-buttons","12":"first","13":"outofstock","14":"shipping-taxable","15":"product-type-simple"},"_links":{"self":[{"href":"https:\/\/miamilendingadvisors.com\/es\/wp-json\/wp\/v2\/product\/2915","targetHints":{"allow":["GET"]}}],"collection":[{"href":"https:\/\/miamilendingadvisors.com\/es\/wp-json\/wp\/v2\/product"}],"about":[{"href":"https:\/\/miamilendingadvisors.com\/es\/wp-json\/wp\/v2\/types\/product"}],"replies":[{"embeddable":true,"href":"https:\/\/miamilendingadvisors.com\/es\/wp-json\/wp\/v2\/comments?post=2915"}],"version-history":[{"count":8,"href":"https:\/\/miamilendingadvisors.com\/es\/wp-json\/wp\/v2\/product\/2915\/revisions"}],"predecessor-version":[{"id":5166,"href":"https:\/\/miamilendingadvisors.com\/es\/wp-json\/wp\/v2\/product\/2915\/revisions\/5166"}],"wp:featuredmedia":[{"embeddable":true,"href":"https:\/\/miamilendingadvisors.com\/es\/wp-json\/wp\/v2\/media\/5167"}],"wp:attachment":[{"href":"https:\/\/miamilendingadvisors.com\/es\/wp-json\/wp\/v2\/media?parent=2915"}],"wp:term":[{"taxonomy":"product_brand","embeddable":true,"href":"https:\/\/miamilendingadvisors.com\/es\/wp-json\/wp\/v2\/product_brand?post=2915"},{"taxonomy":"product_cat","embeddable":true,"href":"https:\/\/miamilendingadvisors.com\/es\/wp-json\/wp\/v2\/product_cat?post=2915"},{"taxonomy":"product_tag","embeddable":true,"href":"https:\/\/miamilendingadvisors.com\/es\/wp-json\/wp\/v2\/product_tag?post=2915"}],"curies":[{"name":"wp","href":"https:\/\/api.w.org\/{rel}","templated":true}]}}