{"id":2912,"date":"2024-05-21T21:24:00","date_gmt":"2024-05-21T21:24:00","guid":{"rendered":"https:\/\/miamilendingadvisors.com\/es\/?post_type=product&#038;p=2912"},"modified":"2024-07-18T08:23:49","modified_gmt":"2024-07-18T13:23:49","slug":"prestamos-compradores-vivienda-primera-vez","status":"publish","type":"product","link":"https:\/\/miamilendingadvisors.com\/es\/producto\/prestamos-compradores-vivienda-primera-vez\/","title":{"rendered":"Pr\u00e9stamos para Compradores de Vivienda por Primera vez"},"content":{"rendered":"<h2><span style=\"font-weight: 400;\"><span style=\"vertical-align: inherit;\"><span style=\"vertical-align: inherit;\">Los compradores de vivienda por primera vez suelen tener muchas preguntas y \u00a1nos encanta ayudar!<\/span><\/span><\/span><\/h2>\n<p><span style=\"font-weight: 400;\"><span style=\"vertical-align: inherit;\"><span style=\"vertical-align: inherit;\">Antes de encontrar su nuevo hogar, podemos ayudarlo a obtener una precalificaci\u00f3n. Tambi\u00e9n podemos ayudarlo a encontrar el programa de pr\u00e9stamo que mejor se adapte a sus necesidades.<\/span><\/span><\/span><\/p>\n<p><span style=\"font-weight: 400;\"><span style=\"vertical-align: inherit;\"><span style=\"vertical-align: inherit;\">\u00a1Comprar su primera casa es un paso muy emocionante! Los especialistas en pr\u00e9stamos de Miami Lending Advisors est\u00e1n aqu\u00ed para guiarlo en cada paso del proceso de pr\u00e9stamo.<\/span><\/span><\/span><\/p>\n<p><span style=\"font-weight: 400;\"><span style=\"vertical-align: inherit;\"><span style=\"vertical-align: inherit;\">Antes de encontrar su nuevo hogar, podemos ayudarlo a obtener una precalificaci\u00f3n gratuita. Tambi\u00e9n podemos ponerlo en contacto con un agente inmobiliario de confianza a trav\u00e9s de nuestras redes de socios. Nuestra variedad de opciones de pr\u00e9stamos le permiten comprar su primera vivienda con un peque\u00f1o pago inicial y trabajaremos para garantizar que los pagos del pr\u00e9stamo satisfagan sus necesidades espec\u00edficas.<\/span><\/span><\/span><\/p>\n<p><span style=\"font-weight: 400;\"><span style=\"vertical-align: inherit;\"><span style=\"vertical-align: inherit;\">Quienes compran una casa por primera vez tienen muchas preguntas y nuestros especialistas en pr\u00e9stamos siempre est\u00e1n disponibles para brindarle atenci\u00f3n personalizada. Pueden explicarle el proceso de solicitud, brindarle consejos para usar durante la b\u00fasqueda de una casa y asegurarse de que encuentre la casa perfecta para sus necesidades y su presupuesto.<\/span><\/span><\/span><\/p>\n<h2><span style=\"font-weight: 400;\"><span style=\"vertical-align: inherit;\"><span style=\"vertical-align: inherit;\">Programas de pr\u00e9stamos populares para compradores de vivienda por primera vez:<\/span><\/span><\/span><\/h2>\n<h3><span style=\"font-weight: 400;\"><span style=\"vertical-align: inherit;\"><span style=\"vertical-align: inherit;\">Hipoteca a tasa fija a 30 a\u00f1os<\/span><\/span><\/span><\/h3>\n<p><span style=\"font-weight: 400;\"><span style=\"vertical-align: inherit;\"><span style=\"vertical-align: inherit;\">El programa de pr\u00e9stamos m\u00e1s seguro. Fije un pago bajo y duerma tranquilo sabiendo que su tasa no cambiar\u00e1.<\/span><\/span><\/span><\/p>\n<h3><span style=\"font-weight: 400;\"><span style=\"vertical-align: inherit;\"><span style=\"vertical-align: inherit;\">Pr\u00e9stamo FHA<\/span><\/span><\/span><\/h3>\n<p><span style=\"font-weight: 400;\"><span style=\"vertical-align: inherit;\"><span style=\"vertical-align: inherit;\">Perfecto para el comprador que quiere pagar menos dinero de entrada. \u00a1Compre su casa con tan solo un 3,5 % de entrada!<\/span><\/span><\/span><\/p>\n<h3><span style=\"font-weight: 400;\"><span style=\"vertical-align: inherit;\"><span style=\"vertical-align: inherit;\">Pr\u00e9stamo VA<\/span><\/span><\/span><\/h3>\n<p><span style=\"font-weight: 400;\"><span style=\"vertical-align: inherit;\"><span style=\"vertical-align: inherit;\">Una oferta incre\u00edble para veteranos y miembros de las fuerzas armadas. Quienes califican para este pr\u00e9stamo pueden comprar sin pago inicial y sin seguro hipotecario privado. \u00a1Descubra hoy mismo si califica!<\/span><\/span><\/span><\/p>\n","protected":false},"excerpt":{"rendered":"<p>Los compradores de vivienda por primera vez suelen tener muchas preguntas y \u00a1nos encanta ayudar! Antes de encontrar su nuevo hogar, podemos ayudarlo a obtener una precalificaci\u00f3n. Tambi\u00e9n podemos ayudarlo a encontrar el programa de pr\u00e9stamo que mejor se adapte a sus necesidades. \u00a1Comprar su primera casa es un paso muy emocionante! Los especialistas en &#8230; <a title=\"Pr\u00e9stamos para Compradores de Vivienda por Primera vez\" class=\"read-more\" href=\"https:\/\/miamilendingadvisors.com\/es\/producto\/prestamos-compradores-vivienda-primera-vez\/\" aria-label=\"Read more about Pr\u00e9stamos para Compradores de Vivienda por Primera vez\">Read more<\/a><\/p>\n","protected":false},"featured_media":5168,"comment_status":"open","ping_status":"closed","template":"","meta":[],"product_brand":[],"product_cat":[32],"product_tag":[],"class_list":{"0":"post-2912","1":"product","2":"type-product","3":"status-publish","4":"has-post-thumbnail","6":"product_cat-florida","7":"sales-flash-overlay","8":"woocommerce-text-align-center","9":"woocommerce-image-align-center","10":"do-quantity-buttons","12":"first","13":"outofstock","14":"shipping-taxable","15":"product-type-simple"},"_links":{"self":[{"href":"https:\/\/miamilendingadvisors.com\/es\/wp-json\/wp\/v2\/product\/2912","targetHints":{"allow":["GET"]}}],"collection":[{"href":"https:\/\/miamilendingadvisors.com\/es\/wp-json\/wp\/v2\/product"}],"about":[{"href":"https:\/\/miamilendingadvisors.com\/es\/wp-json\/wp\/v2\/types\/product"}],"replies":[{"embeddable":true,"href":"https:\/\/miamilendingadvisors.com\/es\/wp-json\/wp\/v2\/comments?post=2912"}],"version-history":[{"count":6,"href":"https:\/\/miamilendingadvisors.com\/es\/wp-json\/wp\/v2\/product\/2912\/revisions"}],"predecessor-version":[{"id":5169,"href":"https:\/\/miamilendingadvisors.com\/es\/wp-json\/wp\/v2\/product\/2912\/revisions\/5169"}],"wp:featuredmedia":[{"embeddable":true,"href":"https:\/\/miamilendingadvisors.com\/es\/wp-json\/wp\/v2\/media\/5168"}],"wp:attachment":[{"href":"https:\/\/miamilendingadvisors.com\/es\/wp-json\/wp\/v2\/media?parent=2912"}],"wp:term":[{"taxonomy":"product_brand","embeddable":true,"href":"https:\/\/miamilendingadvisors.com\/es\/wp-json\/wp\/v2\/product_brand?post=2912"},{"taxonomy":"product_cat","embeddable":true,"href":"https:\/\/miamilendingadvisors.com\/es\/wp-json\/wp\/v2\/product_cat?post=2912"},{"taxonomy":"product_tag","embeddable":true,"href":"https:\/\/miamilendingadvisors.com\/es\/wp-json\/wp\/v2\/product_tag?post=2912"}],"curies":[{"name":"wp","href":"https:\/\/api.w.org\/{rel}","templated":true}]}}