{"id":2905,"date":"2024-05-21T21:24:16","date_gmt":"2024-05-21T21:24:16","guid":{"rendered":"https:\/\/miamilendingadvisors.com\/es\/?post_type=product&#038;p=2905"},"modified":"2024-07-18T08:22:54","modified_gmt":"2024-07-18T13:22:54","slug":"opciones-baja-cuota-inicial","status":"publish","type":"product","link":"https:\/\/miamilendingadvisors.com\/es\/producto\/opciones-baja-cuota-inicial\/","title":{"rendered":"Opciones para Baja Cuota Inicial"},"content":{"rendered":"<h2><span style=\"font-weight: 400;\"><span style=\"vertical-align: inherit;\"><span style=\"vertical-align: inherit;\">\u00bfNo est\u00e1 listo para un pago inicial considerable?\u00a0<\/span><\/span><\/span><\/h2>\n<p><span style=\"font-weight: 400;\"><span style=\"vertical-align: inherit;\"><span style=\"vertical-align: inherit;\">Existen opciones que pueden convertirlo en propietario de una vivienda con un pago inicial bajo.\u00a0<\/span><\/span><\/span><\/p>\n<p><span style=\"font-weight: 400;\"><span style=\"vertical-align: inherit;\"><span style=\"vertical-align: inherit;\">Decidir cu\u00e1nto dinero utilizar como pago inicial puede ser confuso. Miami Lending Advisors est\u00e1 aqu\u00ed para ayudar. La ruta para cada comprador o inversor depende de su situaci\u00f3n y preferencias personales.<\/span><\/span><\/span><\/p>\n<h2><span style=\"font-weight: 400;\"><span style=\"vertical-align: inherit;\"><span style=\"vertical-align: inherit;\">Opciones de pago inicial bajo\u00a0<\/span><\/span><\/span><\/h2>\n<h3><span style=\"font-weight: 400;\"><span style=\"vertical-align: inherit;\"><span style=\"vertical-align: inherit;\">Pr\u00e9stamo FHA\u00a0<\/span><\/span><\/span><\/h3>\n<p><span style=\"font-weight: 400;\"><span style=\"vertical-align: inherit;\"><span style=\"vertical-align: inherit;\">Puede comprar una casa unifamiliar o un condominio con tan solo un pago inicial del 3,5 % utilizando un pr\u00e9stamo FHA, pero existe un precio por pagos iniciales m\u00e1s bajos en pr\u00e9stamos convencionales: el seguro hipotecario (a menudo llamado PMI, seguro hipotecario privado).<\/span><\/span><\/span><\/p>\n<p><span style=\"font-weight: 400;\"><span style=\"vertical-align: inherit;\"><span style=\"vertical-align: inherit;\">Se requiere un seguro hipotecario cuando el monto del pr\u00e9stamo conforme es M\u00c1S del 80 % del precio de compra (traducci\u00f3n pr\u00e1ctica: el pago inicial es inferior al 20 %). Adem\u00e1s, cuanto menor sea el pago inicial, mayor ser\u00e1 la prima cobrada.<\/span><\/span><\/span><\/p>\n<h3><span style=\"font-weight: 400;\"><span style=\"vertical-align: inherit;\"><span style=\"vertical-align: inherit;\">Pr\u00e9stamo del USDA<\/span><\/span><\/span><\/h3>\n<p><span style=\"font-weight: 400;\"><span style=\"vertical-align: inherit;\"><span style=\"vertical-align: inherit;\">\u00bfSu casa de ensue\u00f1o est\u00e1 rodeada de pastizales y tierras de cultivo? Los compradores en mercados rurales y suburbanos pueden utilizar un pr\u00e9stamo del USDA, que no requiere pago inicial.<\/span><\/span><\/span><\/p>\n<p><span style=\"font-weight: 400;\"><span style=\"vertical-align: inherit;\"><span style=\"vertical-align: inherit;\">Se aplican limitaciones de ingresos familiares y los compradores deben esperar pagar PMI si su pago inicial es inferior al 20%.<\/span><\/span><\/span><\/p>\n<h3><span style=\"font-weight: 400;\"><span style=\"vertical-align: inherit;\"><span style=\"vertical-align: inherit;\">Pr\u00e9stamo VA<\/span><\/span><\/span><\/h3>\n<p><span style=\"font-weight: 400;\"><span style=\"vertical-align: inherit;\"><span style=\"vertical-align: inherit;\">Los veteranos militares que califican para un pr\u00e9stamo VA pueden comprar una casa sin pago inicial. Los pr\u00e9stamos VA pueden brindar hasta un 100 % de financiamiento para personal militar y veteranos calificados.<\/span><\/span><\/span><\/p>\n<p><span style=\"font-weight: 400;\"><span style=\"vertical-align: inherit;\"><span style=\"vertical-align: inherit;\">Tambi\u00e9n hay programas de pr\u00e9stamos hipotecarios no conformes que permiten configuraciones 80\/20, que permiten a los prestatarios obtener una segunda hipoteca para cubrir el pago inicial del 20%.<\/span><\/span><\/span><\/p>\n<p><span style=\"font-weight: 400;\"><span style=\"vertical-align: inherit;\"><span style=\"vertical-align: inherit;\">\u00bfTiene ingresos y cr\u00e9dito deficientes? \u00a1Es posible que tengamos un programa que se adapte a sus necesidades!<\/span><\/span><\/span><\/p>\n<h2><span style=\"font-weight: 400;\"><span style=\"vertical-align: inherit;\"><span style=\"vertical-align: inherit;\">\u00bfCu\u00e1nto debo utilizar como pago inicial?<\/span><\/span><\/span><\/h2>\n<p><span style=\"font-weight: 400;\"><span style=\"vertical-align: inherit;\"><span style=\"vertical-align: inherit;\">Todas las opciones tienen costos y beneficios, incluso aquellas con pagos iniciales bajos. Debe considerar cuidadosamente sus opciones y analizar su plan con un profesional.<\/span><\/span><\/span><\/p>\n<p><span style=\"font-weight: 400;\"><span style=\"vertical-align: inherit;\"><span style=\"vertical-align: inherit;\">Hable hoy con uno de nuestros especialistas en pr\u00e9stamos para encontrar una soluci\u00f3n personalizada que se adapte mejor a sus necesidades y presupuesto.<\/span><\/span><\/span><\/p>\n<h2><span style=\"font-weight: 400;\"><span style=\"vertical-align: inherit;\"><span style=\"vertical-align: inherit;\">Costo de un pago inicial m\u00e1s bajo<\/span><\/span><\/span><\/h2>\n<p><span style=\"font-weight: 400;\"><span style=\"vertical-align: inherit;\"><span style=\"vertical-align: inherit;\">Los programas de pago inicial bajo o nulo tienen dos costos principales que resultan en un pago mensual m\u00e1s alto:<\/span><\/span><\/span><\/p>\n<ul>\n<li><span style=\"font-weight: 400;\"><span style=\"vertical-align: inherit;\"><span style=\"vertical-align: inherit;\">Tasas de inter\u00e9s m\u00e1s altas<\/span><\/span><\/span><\/li>\n<li><span style=\"vertical-align: inherit;\"><span style=\"vertical-align: inherit;\">Primas de seguro hipotecario m\u00e1s altas.<\/span><\/span><\/li>\n<\/ul>\n<p><span style=\"font-weight: 400;\"><span style=\"vertical-align: inherit;\"><span style=\"vertical-align: inherit;\">El seguro hipotecario se puede eliminar una vez que se haya generado suficiente capital. Por ejemplo, si la propiedad muestra al menos un 20 % de capital en unos pocos a\u00f1os, el seguro hipotecario se puede refinanciar.<\/span><\/span><\/span><\/p>\n<h2><span style=\"font-weight: 400;\"><span style=\"vertical-align: inherit;\"><span style=\"vertical-align: inherit;\">Beneficios de pagos iniciales m\u00e1s bajos<\/span><\/span><\/span><\/h2>\n<p><span style=\"font-weight: 400;\"><span style=\"vertical-align: inherit;\"><span style=\"vertical-align: inherit;\">Aunque las desventajas de los pagos iniciales bajos parecen serias, tambi\u00e9n existen ventajas. T\u00f3mese el tiempo para sopesar las dos y evaluar cu\u00e1l es la mejor para usted.<\/span><\/span><\/span><\/p>\n<p><span style=\"font-weight: 400;\"><span style=\"vertical-align: inherit;\"><span style=\"vertical-align: inherit;\">Los principales beneficios de un pago inicial m\u00e1s bajo incluyen los siguientes:<\/span><\/span><\/span><\/p>\n<p><span style=\"font-weight: 400;\"><span style=\"vertical-align: inherit;\"><span style=\"vertical-align: inherit;\">Menos dinero de bolsillo al momento de la compra.<\/span><\/span><\/span><\/p>\n<p><span style=\"font-weight: 400;\"><span style=\"vertical-align: inherit;\"><span style=\"vertical-align: inherit;\">Mayor tasa de retorno. La revalorizaci\u00f3n de su propiedad ser\u00e1 la misma independientemente de si realiza un pago inicial del 3 %, 5 % o 20 %. De hecho, su tasa de retorno disminuye a medida que realiza un pago inicial mayor, como se explica a continuaci\u00f3n.<\/span><\/span><\/span><\/p>\n<p><span style=\"font-weight: 400;\"><span style=\"vertical-align: inherit;\"><span style=\"vertical-align: inherit;\">Costo de oportunidad. En algunos casos, el inversor inteligente puede obtener m\u00e1s dinero del efectivo disponible si lo coloca en otras inversiones.<\/span><\/span><\/span><\/p>\n<p><span style=\"font-weight: 400;\"><span style=\"vertical-align: inherit;\"><span style=\"vertical-align: inherit;\">Durante los primeros a\u00f1os del pr\u00e9stamo hipotecario, la mayor parte de los pagos mensuales se destinan a pagar intereses, que suelen ser deducibles de impuestos. Por lo tanto, recuperas una parte considerable de tus pagos mensuales al final del a\u00f1o en forma de deducciones fiscales.<\/span><\/span><\/span><\/p>\n<h2><span style=\"font-weight: 400;\"><span style=\"vertical-align: inherit;\"><span style=\"vertical-align: inherit;\">Consideraci\u00f3n personal<\/span><\/span><\/span><\/h2>\n<p><span style=\"font-weight: 400;\"><span style=\"vertical-align: inherit;\"><span style=\"vertical-align: inherit;\">Considere cuidadosamente la cantidad de dinero que desea pagar como anticipo. Su prestamista lo calificar\u00e1 para un determinado nivel en funci\u00f3n de sus ingresos; sin embargo, esa cantidad puede ser diferente del nivel que usted se sienta c\u00f3modo pagando cada mes. Debe decidir cu\u00e1nto puede pagar.<\/span><\/span><\/span><\/p>\n<p><span style=\"font-weight: 400;\"><span style=\"vertical-align: inherit;\"><span style=\"vertical-align: inherit;\">Hable con su oficial de pr\u00e9stamos en Miami Lending Advisors sobre la mejor situaci\u00f3n para usted.<\/span><\/span><\/span><\/p>\n<h3 style=\"text-align: center;\"><span style=\"vertical-align: inherit;\"><span style=\"vertical-align: inherit;\">\u00bfEs usted un agente inmobiliario TOP en Florida?<\/span><\/span><\/h3>\n<p style=\"text-align: center;\"><em><span style=\"vertical-align: inherit;\"><span style=\"vertical-align: inherit;\">Exploremos las opciones de pr\u00e9stamos de sus clientes.<\/span><\/span><\/em><\/p>\n","protected":false},"excerpt":{"rendered":"<p>\u00bfNo est\u00e1 listo para un pago inicial considerable?\u00a0 Existen opciones que pueden convertirlo en propietario de una vivienda con un pago inicial bajo.\u00a0 Decidir cu\u00e1nto dinero utilizar como pago inicial puede ser confuso. Miami Lending Advisors est\u00e1 aqu\u00ed para ayudar. La ruta para cada comprador o inversor depende de su situaci\u00f3n y preferencias personales. Opciones &#8230; <a title=\"Opciones para Baja Cuota Inicial\" class=\"read-more\" href=\"https:\/\/miamilendingadvisors.com\/es\/producto\/opciones-baja-cuota-inicial\/\" aria-label=\"Read more about Opciones para Baja Cuota Inicial\">Read more<\/a><\/p>\n","protected":false},"featured_media":5148,"comment_status":"open","ping_status":"closed","template":"","meta":[],"product_brand":[],"product_cat":[32],"product_tag":[],"class_list":{"0":"post-2905","1":"product","2":"type-product","3":"status-publish","4":"has-post-thumbnail","6":"product_cat-florida","7":"sales-flash-overlay","8":"woocommerce-text-align-center","9":"woocommerce-image-align-center","10":"do-quantity-buttons","12":"first","13":"outofstock","14":"shipping-taxable","15":"product-type-simple"},"_links":{"self":[{"href":"https:\/\/miamilendingadvisors.com\/es\/wp-json\/wp\/v2\/product\/2905","targetHints":{"allow":["GET"]}}],"collection":[{"href":"https:\/\/miamilendingadvisors.com\/es\/wp-json\/wp\/v2\/product"}],"about":[{"href":"https:\/\/miamilendingadvisors.com\/es\/wp-json\/wp\/v2\/types\/product"}],"replies":[{"embeddable":true,"href":"https:\/\/miamilendingadvisors.com\/es\/wp-json\/wp\/v2\/comments?post=2905"}],"version-history":[{"count":10,"href":"https:\/\/miamilendingadvisors.com\/es\/wp-json\/wp\/v2\/product\/2905\/revisions"}],"predecessor-version":[{"id":5147,"href":"https:\/\/miamilendingadvisors.com\/es\/wp-json\/wp\/v2\/product\/2905\/revisions\/5147"}],"wp:featuredmedia":[{"embeddable":true,"href":"https:\/\/miamilendingadvisors.com\/es\/wp-json\/wp\/v2\/media\/5148"}],"wp:attachment":[{"href":"https:\/\/miamilendingadvisors.com\/es\/wp-json\/wp\/v2\/media?parent=2905"}],"wp:term":[{"taxonomy":"product_brand","embeddable":true,"href":"https:\/\/miamilendingadvisors.com\/es\/wp-json\/wp\/v2\/product_brand?post=2905"},{"taxonomy":"product_cat","embeddable":true,"href":"https:\/\/miamilendingadvisors.com\/es\/wp-json\/wp\/v2\/product_cat?post=2905"},{"taxonomy":"product_tag","embeddable":true,"href":"https:\/\/miamilendingadvisors.com\/es\/wp-json\/wp\/v2\/product_tag?post=2905"}],"curies":[{"name":"wp","href":"https:\/\/api.w.org\/{rel}","templated":true}]}}