{"id":2899,"date":"2024-05-17T23:55:33","date_gmt":"2024-05-17T23:55:33","guid":{"rendered":"https:\/\/miamilendingadvisors.com\/es\/?post_type=product&#038;p=2899"},"modified":"2024-07-18T08:25:05","modified_gmt":"2024-07-18T13:25:05","slug":"refinanciamiento-hipoteca","status":"publish","type":"product","link":"https:\/\/miamilendingadvisors.com\/es\/producto\/refinanciamiento-hipoteca\/","title":{"rendered":"Refinanciamiento de Hipoteca"},"content":{"rendered":"<p><span style=\"font-weight: 400;\"><span style=\"vertical-align: inherit;\"><span style=\"vertical-align: inherit;\">Es importante conocer las tasas de refinanciamiento de su hipoteca actual. Miami Lending Advisors puede mantenerlo informado y ayudarlo a decidir cu\u00e1ndo ser\u00eda mejor refinanciar su hipoteca.<\/span><\/span><\/span><\/p>\n<h2><span style=\"font-weight: 400;\"><span style=\"vertical-align: inherit;\"><span style=\"vertical-align: inherit;\">Razones para considerar una refinanciaci\u00f3n hipotecaria:<\/span><\/span><\/span><\/h2>\n<ul>\n<li><span style=\"font-weight: 400;\"><strong><span style=\"vertical-align: inherit;\"><span style=\"vertical-align: inherit;\">Reduzca el pago mensual de su hipoteca:<\/span><\/span><\/strong><span style=\"vertical-align: inherit;\"><span style=\"vertical-align: inherit;\"> las tasas hipotecarias siguen siendo muy bajas. Una refinanciaci\u00f3n con Miami Lending Advisors puede ayudarlo a reducir el pago y posiblemente ahorrar dinero.<\/span><\/span><\/span><\/li>\n<li><strong><span style=\"vertical-align: inherit;\"><span style=\"vertical-align: inherit;\">Consolidar deudas con intereses altos:<\/span><\/span><\/strong><span style=\"vertical-align: inherit;\"><span style=\"vertical-align: inherit;\"> Puede pagar esas deudas con intereses altos refinanci\u00e1ndolas con una tasa m\u00e1s baja. Incluso si su cr\u00e9dito no es perfecto, podemos ayudarlo a reducir su pago mensual y saldar su deuda con intereses m\u00e1s altos. Al consolidar sus pagos en un solo pago mensual bajo, puede pagar menos cada mes, reducir su deuda y mejorar su puntaje crediticio.<\/span><\/span><\/li>\n<li><strong><span style=\"vertical-align: inherit;\"><span style=\"vertical-align: inherit;\">Pague su hipoteca m\u00e1s r\u00e1pido:<\/span><\/span><\/strong><span style=\"vertical-align: inherit;\"><span style=\"vertical-align: inherit;\"> Cuanto m\u00e1s corto sea el plazo de su hipoteca, m\u00e1s baja ser\u00e1 la tasa de inter\u00e9s. \u00bfSab\u00eda que puede aprovechar las tasas competitivas de la actualidad acortando el plazo de su pr\u00e9stamo (lo que significa pagar menos intereses) sin un cambio significativo en su pago mensual?<\/span><\/span><\/li>\n<\/ul>\n<h2><span style=\"font-weight: 400;\"><span style=\"vertical-align: inherit;\"><span style=\"vertical-align: inherit;\">\u00bfCu\u00e1ndo refinanciar su hipoteca?<\/span><\/span><\/span><\/h2>\n<p><span style=\"font-weight: 400;\"><span style=\"vertical-align: inherit;\"><span style=\"vertical-align: inherit;\">Ofrecemos informaci\u00f3n sobre una variedad de opciones y tasas de refinanciamiento de hipotecas. Cuando est\u00e9 listo para dar el siguiente paso, comun\u00edquese con Miami Lending Advisors. Podemos asesorarlo sobre qu\u00e9 programa de refinanciamiento de hipotecas se adapta a sus necesidades.<\/span><\/span><\/span><\/p>\n<h3 style=\"text-align: center;\"><span style=\"vertical-align: inherit;\"><span style=\"vertical-align: inherit;\">\u00bfEs usted un agente inmobiliario TOP en Florida?<\/span><\/span><\/h3>\n<p style=\"text-align: center;\"><em><span style=\"vertical-align: inherit;\"><span style=\"vertical-align: inherit;\">Exploremos las opciones de pr\u00e9stamos de sus clientes.<\/span><\/span><\/em><\/p>\n","protected":false},"excerpt":{"rendered":"<p><strong><span style=\"vertical-align: inherit;\"><span style=\"vertical-align: inherit;\">\u00bfEst\u00e1 buscando reducir el inter\u00e9s de su hipoteca y disminuir sus pagos mensuales?<\/span><\/span><\/strong><\/p>\n<p><span style=\"vertical-align: inherit;\"><span style=\"vertical-align: inherit;\">Una refinanciaci\u00f3n hipotecaria es la sustituci\u00f3n de una hipoteca existente por otra hipoteca con condiciones diferentes. Esta soluci\u00f3n puede ser la medida adecuada para usted si desea pagar menos intereses por su hipoteca y reducir sus pagos mensuales.<\/span><\/span><\/p>\n","protected":false},"featured_media":5171,"comment_status":"open","ping_status":"closed","template":"","meta":[],"product_brand":[],"product_cat":[32],"product_tag":[],"class_list":{"0":"post-2899","1":"product","2":"type-product","3":"status-publish","4":"has-post-thumbnail","6":"product_cat-florida","7":"sales-flash-overlay","8":"woocommerce-text-align-center","9":"woocommerce-image-align-center","10":"do-quantity-buttons","12":"first","13":"outofstock","14":"shipping-taxable","15":"product-type-simple"},"_links":{"self":[{"href":"https:\/\/miamilendingadvisors.com\/es\/wp-json\/wp\/v2\/product\/2899","targetHints":{"allow":["GET"]}}],"collection":[{"href":"https:\/\/miamilendingadvisors.com\/es\/wp-json\/wp\/v2\/product"}],"about":[{"href":"https:\/\/miamilendingadvisors.com\/es\/wp-json\/wp\/v2\/types\/product"}],"replies":[{"embeddable":true,"href":"https:\/\/miamilendingadvisors.com\/es\/wp-json\/wp\/v2\/comments?post=2899"}],"version-history":[{"count":10,"href":"https:\/\/miamilendingadvisors.com\/es\/wp-json\/wp\/v2\/product\/2899\/revisions"}],"predecessor-version":[{"id":5165,"href":"https:\/\/miamilendingadvisors.com\/es\/wp-json\/wp\/v2\/product\/2899\/revisions\/5165"}],"wp:featuredmedia":[{"embeddable":true,"href":"https:\/\/miamilendingadvisors.com\/es\/wp-json\/wp\/v2\/media\/5171"}],"wp:attachment":[{"href":"https:\/\/miamilendingadvisors.com\/es\/wp-json\/wp\/v2\/media?parent=2899"}],"wp:term":[{"taxonomy":"product_brand","embeddable":true,"href":"https:\/\/miamilendingadvisors.com\/es\/wp-json\/wp\/v2\/product_brand?post=2899"},{"taxonomy":"product_cat","embeddable":true,"href":"https:\/\/miamilendingadvisors.com\/es\/wp-json\/wp\/v2\/product_cat?post=2899"},{"taxonomy":"product_tag","embeddable":true,"href":"https:\/\/miamilendingadvisors.com\/es\/wp-json\/wp\/v2\/product_tag?post=2899"}],"curies":[{"name":"wp","href":"https:\/\/api.w.org\/{rel}","templated":true}]}}