{"id":2897,"date":"2024-05-21T21:24:32","date_gmt":"2024-05-21T21:24:32","guid":{"rendered":"https:\/\/miamilendingadvisors.com\/es\/?post_type=product&#038;p=2897"},"modified":"2024-07-18T08:22:32","modified_gmt":"2024-07-18T13:22:32","slug":"prestamos-rurales","status":"publish","type":"product","link":"https:\/\/miamilendingadvisors.com\/es\/producto\/prestamos-rurales\/","title":{"rendered":"Pr\u00e9stamos Rurales"},"content":{"rendered":"<h2>Los pr\u00e9stamos USDA ofrecen opciones flexibles como hipotecas a tipo fijo o a tipo variable.<\/h2>\n<p>La compra de una casa con poco o ning\u00fan pago inicial puede proporcionar oportunidades para los compradores que de otro modo no podr\u00edan convertirse en propietarios de viviendas.<\/p>\n<p>Los pr\u00e9stamos del USDA ofrecen opciones flexibles como hipotecas a tipo fijo o a tipo variable. Usted puede calificar con menos de cr\u00e9dito perfecto. La compra de una casa con poco o ning\u00fan pago inicial puede proporcionar oportunidades para los compradores que de otro modo no pueden ser capaces de convertirse en propietarios de viviendas. Afortunadamente para los compradores de hoy en d\u00eda, existen algunos programas que pueden ayudarles a obtener una hipoteca con un pago inicial muy peque\u00f1o. Uno del que no se habla mucho es el Programa de Pr\u00e9stamos Garantizados para Viviendas Unifamiliares del USDA.<\/p>\n<h2>\u00bfQu\u00e9 es un pr\u00e9stamo hipotecario USDA?<\/h2>\n<p>El Departamento de Agricultura de los Estados Unidos (USDA) administra el programa, pero no presta dinero. Al igual que los pr\u00e9stamos respaldados por el Departamento de Asuntos de Veteranos (VA) o la Administraci\u00f3n Federal de la Vivienda (FHA), estos pr\u00e9stamos est\u00e1n garantizados por el USDA. Los prestamistas privados, como bancos o cooperativas de cr\u00e9dito, siguen prestando dinero al comprador de la vivienda, pero saben que el USDA pagar\u00e1 si el prestatario no puede hacerlo.<\/p>\n<p>Esto permite a los prestamistas asumir menos riesgos y, como resultado, les parece bien exigir menos dinero de entrada.<\/p>\n<h2>\u00bfQui\u00e9n puede acogerse al programa del USDA?<\/h2>\n<p>Contrariamente a su nombre, el pr\u00e9stamo del USDA no s\u00f3lo est\u00e1 disponible para quienes se encuentran en un entorno agr\u00edcola. El pr\u00e9stamo USDA est\u00e1 dise\u00f1ado para ayudar a \u00abhogares con ingresos bajos y moderados la oportunidad de poseer viviendas adecuadas, modestas, decentes, seguras y sanitarias como residencia principal en las zonas rurales elegibles.\u00bb<\/p>\n<p>Para utilizar el pr\u00e9stamo del USDA, los solicitantes deben cumplir los requisitos de ingresos y estar comprando una vivienda para su propio uso principal en una zona elegible. Los propietarios potenciales pueden buscar la direcci\u00f3n de cada propiedad para ver si cumple los requisitos o hablar con un prestamista sobre el uso de un pr\u00e9stamo del USDA en su zona. El pr\u00e9stamo se puede utilizar para casas nuevas, casas existentes, e incluso casas que necesitan algunas renovaciones.<\/p>\n<p>Si conseguir un pago inicial considerable le impide cumplir su sue\u00f1o de ser propietario de una vivienda, el pr\u00e9stamo del USDA puede ser la respuesta que est\u00e1 buscando.<\/p>\n<h2>C\u00f3mo funcionan los pr\u00e9stamos USDA<\/h2>\n<ul>\n<li>Adquiera su vivienda con tan s\u00f3lo un 0% de pago inicial.<\/li>\n<li>Plazos de 30, 25, 20 y 15 a\u00f1os con tipos fijos.<\/li>\n<li>Hipoteca de inter\u00e9s variable a 5 a\u00f1os disponible.<\/li>\n<li>Sin PMI (Seguro Hipotecario Privado) mensual.<\/li>\n<li>Los pr\u00e9stamos USDA se rigen por el Departamento de Agricultura de EE.UU..<\/li>\n<li>Pague su hipoteca en cualquier momento sin penalizaciones por pago anticipado.<\/li>\n<\/ul>\n<h2><span style=\"font-weight: 400;\">Qualification Requirements<\/span><\/h2>\n<ul>\n<li>Se aplican l\u00edmites de renta familiar y dependen de la ubicaci\u00f3n.<\/li>\n<li>S\u00f3lo disponible en determinadas zonas. Hable hoy mismo con un especialista para ver si es una opci\u00f3n para usted.<\/li>\n<li>Compre una vivienda sin entrada (vivienda principal).<\/li>\n<li>Refinancie hasta el 100% del valor de su vivienda principal.<\/li>\n<\/ul>\n<p>\u00bfTiene alguna pregunta? Ll\u00e1menos. Uno de nuestros especialistas en hipotecas estar\u00e1 encantado de responder a todas sus preguntas.<\/p>\n<p>**Miami Lending Advisors no est\u00e1 afiliado con o actuando en nombre de o en la direcci\u00f3n de la FHA, VA, USDA o el Gobierno Federal.<\/p>\n<h3 style=\"text-align: center;\">\u00bfEs usted un agente inmobiliario TOP en Florida?<\/h3>\n<p style=\"text-align: center;\">Exploremos las opciones de pr\u00e9stamos de su cliente.<\/p>\n","protected":false},"excerpt":{"rendered":"<p>Los pr\u00e9stamos USDA ofrecen opciones flexibles como hipotecas a tipo fijo o a tipo variable. La compra de una casa con poco o ning\u00fan pago inicial puede proporcionar oportunidades para los compradores que de otro modo no podr\u00edan convertirse en propietarios de viviendas. Los pr\u00e9stamos del USDA ofrecen opciones flexibles como hipotecas a tipo fijo &#8230; <a title=\"Pr\u00e9stamos Rurales\" class=\"read-more\" href=\"https:\/\/miamilendingadvisors.com\/es\/producto\/prestamos-rurales\/\" aria-label=\"Read more about Pr\u00e9stamos Rurales\">Read more<\/a><\/p>\n","protected":false},"featured_media":5137,"comment_status":"open","ping_status":"closed","template":"","meta":[],"product_brand":[],"product_cat":[32],"product_tag":[],"class_list":{"0":"post-2897","1":"product","2":"type-product","3":"status-publish","4":"has-post-thumbnail","6":"product_cat-florida","7":"sales-flash-overlay","8":"woocommerce-text-align-center","9":"woocommerce-image-align-center","10":"do-quantity-buttons","12":"first","13":"outofstock","14":"shipping-taxable","15":"product-type-simple"},"_links":{"self":[{"href":"https:\/\/miamilendingadvisors.com\/es\/wp-json\/wp\/v2\/product\/2897","targetHints":{"allow":["GET"]}}],"collection":[{"href":"https:\/\/miamilendingadvisors.com\/es\/wp-json\/wp\/v2\/product"}],"about":[{"href":"https:\/\/miamilendingadvisors.com\/es\/wp-json\/wp\/v2\/types\/product"}],"replies":[{"embeddable":true,"href":"https:\/\/miamilendingadvisors.com\/es\/wp-json\/wp\/v2\/comments?post=2897"}],"version-history":[{"count":6,"href":"https:\/\/miamilendingadvisors.com\/es\/wp-json\/wp\/v2\/product\/2897\/revisions"}],"predecessor-version":[{"id":5138,"href":"https:\/\/miamilendingadvisors.com\/es\/wp-json\/wp\/v2\/product\/2897\/revisions\/5138"}],"wp:featuredmedia":[{"embeddable":true,"href":"https:\/\/miamilendingadvisors.com\/es\/wp-json\/wp\/v2\/media\/5137"}],"wp:attachment":[{"href":"https:\/\/miamilendingadvisors.com\/es\/wp-json\/wp\/v2\/media?parent=2897"}],"wp:term":[{"taxonomy":"product_brand","embeddable":true,"href":"https:\/\/miamilendingadvisors.com\/es\/wp-json\/wp\/v2\/product_brand?post=2897"},{"taxonomy":"product_cat","embeddable":true,"href":"https:\/\/miamilendingadvisors.com\/es\/wp-json\/wp\/v2\/product_cat?post=2897"},{"taxonomy":"product_tag","embeddable":true,"href":"https:\/\/miamilendingadvisors.com\/es\/wp-json\/wp\/v2\/product_tag?post=2897"}],"curies":[{"name":"wp","href":"https:\/\/api.w.org\/{rel}","templated":true}]}}