{"id":2891,"date":"2024-05-21T21:24:40","date_gmt":"2024-05-21T21:24:40","guid":{"rendered":"https:\/\/miamilendingadvisors.com\/es\/?post_type=product&#038;p=2891"},"modified":"2024-07-18T08:21:38","modified_gmt":"2024-07-18T13:21:38","slug":"prestamos-veteranos","status":"publish","type":"product","link":"https:\/\/miamilendingadvisors.com\/es\/producto\/prestamos-veteranos\/","title":{"rendered":"Pr\u00e9stamos para Veteranos"},"content":{"rendered":"\t\t<div data-elementor-type=\"product-post\" data-elementor-id=\"2891\" class=\"elementor elementor-2891\" data-elementor-post-type=\"product\">\n\t\t\t\t<div class=\"elementor-element elementor-element-689616e5 e-flex e-con-boxed e-con e-parent\" data-id=\"689616e5\" data-element_type=\"container\" data-e-type=\"container\">\n\t\t\t\t\t<div class=\"e-con-inner\">\n\t\t\t\t<div class=\"elementor-element elementor-element-49863ba8 elementor-widget elementor-widget-text-editor\" data-id=\"49863ba8\" data-element_type=\"widget\" data-e-type=\"widget\" data-widget_type=\"text-editor.default\">\n\t\t\t\t<div class=\"elementor-widget-container\">\n\t\t\t\t\t\t\t\t\t<h2><span style=\"font-weight: 400;\"><span style=\"vertical-align: inherit;\"><span style=\"vertical-align: inherit;\">\u00bfEs usted un miembro del servicio militar o un veterano que busca comprar una casa?<\/span><\/span><\/span><\/h2><p><span style=\"font-weight: 400;\"><span style=\"vertical-align: inherit;\"><span style=\"vertical-align: inherit;\">El pr\u00e9stamo VA es una herramienta valiosa que los miembros militares y los veteranos pueden usar para lograr ser propietarios de una vivienda.<\/span><\/span><\/span><\/p><p><span style=\"font-weight: 400;\"><span style=\"vertical-align: inherit;\"><span style=\"vertical-align: inherit;\">Como beneficio de su servicio, el Departamento de Asuntos de Veteranos ofrece recursos exclusivos para ayudar a quienes tienen experiencia militar a comprar una casa con un pago inicial bajo o nulo. Los pr\u00e9stamos de VA ofrecen opciones flexibles, como hipotecas de tasa fija o de tasa ajustable.<\/span><\/span><\/span><\/p><p><span style=\"font-weight: 400;\"><span style=\"vertical-align: inherit;\"><span style=\"vertical-align: inherit;\">Los pr\u00e9stamos VA est\u00e1n disponibles y brindan al comprador la oportunidad de financiar el 100 % del precio de compra de la vivienda. Esto significa que no se requiere un pago inicial. Es importante tener en cuenta que los compradores a\u00fan deber\u00e1n calificar para el pr\u00e9stamo. Esto significa que los prestamistas analizar\u00e1n su cr\u00e9dito y su capacidad para pagar la hipoteca. Si se encuentra en una situaci\u00f3n financiera problem\u00e1tica, es posible que un prestamista quiera verlo saldar su deuda o ahorrar dinero antes de estar dispuesto a otorgarle el pr\u00e9stamo.<\/span><\/span><\/span><\/p><p><span style=\"font-weight: 400;\"><span style=\"vertical-align: inherit;\"><span style=\"vertical-align: inherit;\">Tambi\u00e9n puede ser responsable de los costos de cierre, como registrar el t\u00edtulo o pagar a los abogados para que preparen todos los documentos. Esto es negociable con el vendedor y es algo que debe discutir con su agente inmobiliario antes de hacer una oferta por una casa.<\/span><\/span><\/span><\/p><h2><span style=\"font-weight: 400;\"><span style=\"vertical-align: inherit;\"><span style=\"vertical-align: inherit;\">El proceso de pr\u00e9stamo VA\u00a0<\/span><\/span><\/span><\/h2><p><span style=\"font-weight: 400;\"><span style=\"vertical-align: inherit;\"><span style=\"vertical-align: inherit;\">Un pr\u00e9stamo VA funciona de la misma manera que la mayor\u00eda de las dem\u00e1s compras de viviendas: el comprador hace una oferta por escrito para comprar una vivienda bajo condiciones espec\u00edficas (precio, ayuda con los costos de cierre, otras contingencias) y luego pasa por un proceso de aprobaci\u00f3n con un prestamista. La diferencia clave con un pr\u00e9stamo VA es que el Departamento de Asuntos de Veteranos requiere que todas las viviendas compradas a trav\u00e9s de este programa cumplan con ciertos requisitos de habitabilidad. Enviar\u00e1n un inspector de viviendas y un tasador para asegurarse de que la vivienda est\u00e9 en buenas condiciones de funcionamiento y valga lo que usted est\u00e1 pagando.<\/span><\/span><\/span><\/p><p><span style=\"font-weight: 400;\"><span style=\"vertical-align: inherit;\"><span style=\"vertical-align: inherit;\">Este paso puede ocasionar demoras, especialmente si se necesitan reparaciones despu\u00e9s de que el inspector haya inspeccionado la propiedad. Los problemas en la vivienda no necesariamente significan que el comprador no pueda utilizar el pr\u00e9stamo del VA, sino que ser\u00e1 necesario realizar reparaciones antes de que se pueda completar la compra de la vivienda. El VA recientemente comenz\u00f3 a ofrecer un pr\u00e9stamo del VA para ser utilizado en viviendas que necesitan renovaci\u00f3n de manera limitada.<\/span><\/span><\/span><\/p><h2><span style=\"font-weight: 400;\"><span style=\"vertical-align: inherit;\"><span style=\"vertical-align: inherit;\">C\u00f3mo funcionan los pr\u00e9stamos VA<\/span><\/span><\/span><\/h2><ul><li><span style=\"font-weight: 400;\"><span style=\"vertical-align: inherit;\"><span style=\"vertical-align: inherit;\">Compra tu casa con tan s\u00f3lo 0% de pago inicial.<\/span><\/span><\/span><\/li><li><span style=\"font-weight: 400;\"><span style=\"vertical-align: inherit;\"><span style=\"vertical-align: inherit;\">Disponemos de plazos de 30, 25, 20 y 15 a\u00f1os con tasas fijas.<\/span><\/span><\/span><\/li><li><span style=\"font-weight: 400;\"><span style=\"vertical-align: inherit;\"><span style=\"vertical-align: inherit;\">Hipoteca disponible con tasa ajustable a 5 a\u00f1os.<\/span><\/span><\/span><\/li><li><span style=\"font-weight: 400;\"><span style=\"vertical-align: inherit;\"><span style=\"vertical-align: inherit;\">Pr\u00e9stamos VA Jumbo disponibles.<\/span><\/span><\/span><\/li><li><span style=\"font-weight: 400;\"><span style=\"vertical-align: inherit;\"><span style=\"vertical-align: inherit;\">Refinanciamiento simplificado de VA con una tarifa de financiamiento reducida y requisitos de documentaci\u00f3n flexibles: disponible para veteranos que actualmente tienen pr\u00e9stamos de VA.<\/span><\/span><\/span><\/li><li><span style=\"font-weight: 400;\"><span style=\"vertical-align: inherit;\"><span style=\"vertical-align: inherit;\">Sin PMI mensual (seguro hipotecario privado).<\/span><\/span><\/span><\/li><li><span style=\"font-weight: 400;\"><span style=\"vertical-align: inherit;\"><span style=\"vertical-align: inherit;\">Los pr\u00e9stamos VA est\u00e1n regidos por el Departamento de Asuntos de Veteranos de EE. UU.<\/span><\/span><\/span><\/li><li><span style=\"font-weight: 400;\"><span style=\"vertical-align: inherit;\"><span style=\"vertical-align: inherit;\">Pague su hipoteca en cualquier momento sin penalizaciones por pago anticipado.<\/span><\/span><\/span><\/li><\/ul><p><span style=\"font-weight: 400;\"><span style=\"vertical-align: inherit;\"><span style=\"vertical-align: inherit;\">\u00bfTiene preguntas? \u00a1Ll\u00e1menos! Uno de nuestros especialistas en hipotecas estar\u00e1 encantado de responder todas sus preguntas.<\/span><\/span><\/span><\/p><p><span style=\"font-weight: 400;\"><span style=\"vertical-align: inherit;\"><span style=\"vertical-align: inherit;\">**Miami Lending Advisors no est\u00e1 afiliado ni act\u00faa en nombre ni bajo la direcci\u00f3n de FHA, VA, USDA o el Gobierno Federal.<\/span><\/span><\/span><\/p>\t\t\t\t\t\t\t\t<\/div>\n\t\t\t\t<\/div>\n\t\t\t\t\t<\/div>\n\t\t\t\t<\/div>\n\t\t\t\t<\/div>\n\t\t","protected":false},"excerpt":{"rendered":"<p>\u00bfEs usted un miembro del servicio militar o un veterano que busca comprar una casa? El pr\u00e9stamo VA es una herramienta valiosa que los miembros militares y los veteranos pueden usar para lograr ser propietarios de una vivienda. Como beneficio de su servicio, el Departamento de Asuntos de Veteranos ofrece recursos exclusivos para ayudar a &#8230; <a title=\"Pr\u00e9stamos para Veteranos\" class=\"read-more\" href=\"https:\/\/miamilendingadvisors.com\/es\/producto\/prestamos-veteranos\/\" aria-label=\"Read more about Pr\u00e9stamos para Veteranos\">Read more<\/a><\/p>\n","protected":false},"featured_media":5136,"comment_status":"open","ping_status":"closed","template":"","meta":[],"product_brand":[],"product_cat":[32],"product_tag":[],"class_list":{"0":"post-2891","1":"product","2":"type-product","3":"status-publish","4":"has-post-thumbnail","6":"product_cat-florida","7":"sales-flash-overlay","8":"woocommerce-text-align-center","9":"woocommerce-image-align-center","10":"do-quantity-buttons","12":"first","13":"outofstock","14":"shipping-taxable","15":"product-type-simple"},"_links":{"self":[{"href":"https:\/\/miamilendingadvisors.com\/es\/wp-json\/wp\/v2\/product\/2891","targetHints":{"allow":["GET"]}}],"collection":[{"href":"https:\/\/miamilendingadvisors.com\/es\/wp-json\/wp\/v2\/product"}],"about":[{"href":"https:\/\/miamilendingadvisors.com\/es\/wp-json\/wp\/v2\/types\/product"}],"replies":[{"embeddable":true,"href":"https:\/\/miamilendingadvisors.com\/es\/wp-json\/wp\/v2\/comments?post=2891"}],"version-history":[{"count":7,"href":"https:\/\/miamilendingadvisors.com\/es\/wp-json\/wp\/v2\/product\/2891\/revisions"}],"predecessor-version":[{"id":5227,"href":"https:\/\/miamilendingadvisors.com\/es\/wp-json\/wp\/v2\/product\/2891\/revisions\/5227"}],"wp:featuredmedia":[{"embeddable":true,"href":"https:\/\/miamilendingadvisors.com\/es\/wp-json\/wp\/v2\/media\/5136"}],"wp:attachment":[{"href":"https:\/\/miamilendingadvisors.com\/es\/wp-json\/wp\/v2\/media?parent=2891"}],"wp:term":[{"taxonomy":"product_brand","embeddable":true,"href":"https:\/\/miamilendingadvisors.com\/es\/wp-json\/wp\/v2\/product_brand?post=2891"},{"taxonomy":"product_cat","embeddable":true,"href":"https:\/\/miamilendingadvisors.com\/es\/wp-json\/wp\/v2\/product_cat?post=2891"},{"taxonomy":"product_tag","embeddable":true,"href":"https:\/\/miamilendingadvisors.com\/es\/wp-json\/wp\/v2\/product_tag?post=2891"}],"curies":[{"name":"wp","href":"https:\/\/api.w.org\/{rel}","templated":true}]}}