{"id":2777,"date":"2024-05-15T19:17:53","date_gmt":"2024-05-15T19:17:53","guid":{"rendered":"https:\/\/miamilendingadvisors.com\/es\/?post_type=product&#038;p=2777"},"modified":"2024-12-24T17:16:11","modified_gmt":"2024-12-24T22:16:11","slug":"financiamiento-de-condo-hotel","status":"publish","type":"product","link":"https:\/\/miamilendingadvisors.com\/es\/producto\/financiamiento-de-condo-hotel\/","title":{"rendered":"Financiamiento de Condo Hotel"},"content":{"rendered":"<h2><span style=\"vertical-align: inherit;\"><span style=\"vertical-align: inherit;\">\u00bfQu\u00e9 es un Condotel?<\/span><\/span><\/h2>\n<p><span style=\"vertical-align: inherit;\"><span style=\"vertical-align: inherit;\">Los condotels son condominios que se han convertido elegantemente en viviendas de estilo resort u hotel. Como propietario de un condotel, no solo tiene una casa de vacaciones relajante, sino que tambi\u00e9n puede beneficiarse de participar en un programa de alquiler. Esto le permite alquilar su propiedad a otros turistas cuando no la est\u00e9 utilizando, lo que le brinda una excelente manera de obtener ingresos adicionales.<\/span><\/span><\/p>\n<h2><span style=\"vertical-align: inherit;\"><span style=\"vertical-align: inherit;\">\u00bfPor qu\u00e9 elegir Miami Lending Advisors para sus necesidades de financiamiento de condotel?<\/span><\/span><\/h2>\n<p><span style=\"vertical-align: inherit;\"><span style=\"vertical-align: inherit;\">Ofrecemos una variedad de opciones de hipotecas de compra personalizadas que se adaptan a sus necesidades, ya sea que est\u00e9 buscando una segunda vivienda o una propiedad de inversi\u00f3n. Esto es lo que nos distingue:<\/span><\/span><\/p>\n<ul>\n<li><span style=\"vertical-align: inherit;\"><span style=\"vertical-align: inherit;\">Hasta un 75% LTV para propiedades de inversi\u00f3n y segundas residencias<\/span><\/span><\/li>\n<li><span style=\"vertical-align: inherit;\"><span style=\"vertical-align: inherit;\">Montos de pr\u00e9stamos de hasta $6 millones<\/span><\/span><\/li>\n<li><span style=\"vertical-align: inherit;\"><span style=\"vertical-align: inherit;\">Hipotecas con tasa ajustable (ARM) y opciones fijas a 30 a\u00f1os<\/span><\/span><\/li>\n<li><span style=\"vertical-align: inherit;\"><span style=\"vertical-align: inherit;\">Oportunidades de compra, plazo de tasa y refinanciamiento con retiro de efectivo<\/span><\/span><\/li>\n<li><span style=\"vertical-align: inherit;\"><span style=\"vertical-align: inherit;\">Requisitos m\u00ednimos, incluido un FICO m\u00ednimo de 680 y un monto m\u00ednimo de pr\u00e9stamo de $200,000<\/span><\/span><\/li>\n<li><span style=\"vertical-align: inherit;\"><span style=\"vertical-align: inherit;\">Financiamiento para condominios no garantizados<\/span><\/span><\/li>\n<li><span style=\"vertical-align: inherit;\"><span style=\"vertical-align: inherit;\">\u00bfEst\u00e1s listo para aprovechar estas ventajas? \u00a1Inicia tu solicitud hoy mismo!<\/span><\/span><\/li>\n<li><span style=\"vertical-align: inherit;\"><span style=\"vertical-align: inherit;\">Adem\u00e1s, ofrecemos una innovadora opci\u00f3n de ingresos por extracto bancario de Condotel con:<\/span><\/span><\/li>\n<li><span style=\"vertical-align: inherit;\"><span style=\"vertical-align: inherit;\">Opciones de extractos bancarios personales o comerciales de 12 o 24 meses<\/span><\/span><\/li>\n<li><span style=\"vertical-align: inherit;\"><span style=\"vertical-align: inherit;\">Hasta 65% LTV<\/span><\/span><\/li>\n<li><span style=\"vertical-align: inherit;\"><span style=\"vertical-align: inherit;\">Puntaje FICO m\u00ednimo de 660<\/span><\/span><\/li>\n<li><span style=\"vertical-align: inherit;\"><span style=\"vertical-align: inherit;\">Se permiten segundas residencias y propiedades de inversi\u00f3n<\/span><\/span><\/li>\n<li><span style=\"vertical-align: inherit;\"><span style=\"vertical-align: inherit;\">Opciones para ARM y tasa fija a 30 a\u00f1os<\/span><\/span><\/li>\n<\/ul>\n<p><span style=\"vertical-align: inherit;\"><span style=\"vertical-align: inherit;\">En Miami Lending Advisors, nuestro compromiso es guiar y apoyar a nuestros clientes en cada paso de su proceso de financiaci\u00f3n. Nos dedicamos a ayudarlo a tomar decisiones financieras informadas, garantizando una inversi\u00f3n segura y gratificante en Condotel.<\/span><\/span><\/p>\n<h3 style=\"text-align: center;\"><span style=\"vertical-align: inherit;\"><span style=\"vertical-align: inherit;\">\u00bfEs usted un agente inmobiliario destacado en Florida?<\/span><\/span><\/h3>\n<p style=\"text-align: center;\"><span style=\"vertical-align: inherit;\"><span style=\"vertical-align: inherit;\">Exploremos nuestras soluciones de financiamiento de condoteles para sus clientes.<\/span><\/span><\/p>\n","protected":false},"excerpt":{"rendered":"<p><strong><span style=\"vertical-align: inherit;\"><span style=\"vertical-align: inherit;\">\u00a1Somos su socio de confianza en Florida para el financiamiento de condominios!<\/span><\/span><\/strong><\/p>\n<p><span style=\"vertical-align: inherit;\"><span style=\"vertical-align: inherit;\">Los condotels son una combinaci\u00f3n innovadora de condominio y hotel, y est\u00e1n ganando una inmensa popularidad en los principales destinos de Florida, como South Beach, Panama City Beach, Palm Beach y Miami. \u00a1Somos los h\u00e9roes que har\u00e1n realidad su sue\u00f1o a trav\u00e9s de nuestras s\u00f3lidas soluciones de financiaci\u00f3n para condotels!<\/span><\/span><\/p>\n","protected":false},"featured_media":5228,"comment_status":"open","ping_status":"closed","template":"","meta":[],"product_brand":[],"product_cat":[32],"product_tag":[53],"class_list":{"0":"post-2777","1":"product","2":"type-product","3":"status-publish","4":"has-post-thumbnail","6":"product_cat-florida","7":"product_tag-agente-hipotecario-en-miami","8":"sales-flash-overlay","9":"woocommerce-text-align-center","10":"woocommerce-image-align-center","11":"do-quantity-buttons","13":"first","14":"outofstock","15":"shipping-taxable","16":"product-type-simple"},"_links":{"self":[{"href":"https:\/\/miamilendingadvisors.com\/es\/wp-json\/wp\/v2\/product\/2777","targetHints":{"allow":["GET"]}}],"collection":[{"href":"https:\/\/miamilendingadvisors.com\/es\/wp-json\/wp\/v2\/product"}],"about":[{"href":"https:\/\/miamilendingadvisors.com\/es\/wp-json\/wp\/v2\/types\/product"}],"replies":[{"embeddable":true,"href":"https:\/\/miamilendingadvisors.com\/es\/wp-json\/wp\/v2\/comments?post=2777"}],"version-history":[{"count":34,"href":"https:\/\/miamilendingadvisors.com\/es\/wp-json\/wp\/v2\/product\/2777\/revisions"}],"predecessor-version":[{"id":5160,"href":"https:\/\/miamilendingadvisors.com\/es\/wp-json\/wp\/v2\/product\/2777\/revisions\/5160"}],"wp:featuredmedia":[{"embeddable":true,"href":"https:\/\/miamilendingadvisors.com\/es\/wp-json\/wp\/v2\/media\/5228"}],"wp:attachment":[{"href":"https:\/\/miamilendingadvisors.com\/es\/wp-json\/wp\/v2\/media?parent=2777"}],"wp:term":[{"taxonomy":"product_brand","embeddable":true,"href":"https:\/\/miamilendingadvisors.com\/es\/wp-json\/wp\/v2\/product_brand?post=2777"},{"taxonomy":"product_cat","embeddable":true,"href":"https:\/\/miamilendingadvisors.com\/es\/wp-json\/wp\/v2\/product_cat?post=2777"},{"taxonomy":"product_tag","embeddable":true,"href":"https:\/\/miamilendingadvisors.com\/es\/wp-json\/wp\/v2\/product_tag?post=2777"}],"curies":[{"name":"wp","href":"https:\/\/api.w.org\/{rel}","templated":true}]}}