{"id":2716,"date":"2024-05-14T00:50:59","date_gmt":"2024-05-14T00:50:59","guid":{"rendered":"https:\/\/miamilendingadvisors.com\/es\/?post_type=product&#038;p=2716"},"modified":"2025-09-27T13:26:23","modified_gmt":"2025-09-27T18:26:23","slug":"prestamos-estados-bancarios","status":"publish","type":"product","link":"https:\/\/miamilendingadvisors.com\/es\/producto\/prestamos-estados-bancarios\/","title":{"rendered":"Pr\u00e9stamos con Estados Bancarios"},"content":{"rendered":"<h2><span style=\"vertical-align: inherit;\"><span style=\"vertical-align: inherit;\">\u00bfPor qu\u00e9 las hipotecas con extracto bancario son una opci\u00f3n atractiva?<\/span><\/span><\/h2>\n<p><span style=\"vertical-align: inherit;\"><span style=\"vertical-align: inherit;\">Entendemos los desaf\u00edos que supone trabajar por cuenta propia en Miami. Como aut\u00f3nomos, trabajadores independientes y empresarios, es posible que sus declaraciones de impuestos no reflejen su capacidad total de ingresos, lo que dificulta la obtenci\u00f3n de pr\u00e9stamos convencionales.<\/span><\/span><\/p>\n<p><span style=\"vertical-align: inherit;\"><span style=\"vertical-align: inherit;\">\u00a1No temas, todav\u00eda puedes calificar!<\/span><\/span><\/p>\n<p><span style=\"vertical-align: inherit;\"><span style=\"vertical-align: inherit;\">Las hipotecas basadas en extractos bancarios adoptan un enfoque alternativo al calcular sus ingresos utilizando sus dep\u00f3sitos personales o comerciales de los \u00faltimos 12 o 24 meses. Esto le permite obtener una hipoteca que se ajuste a sus capacidades financieras reales en funci\u00f3n de lo que gana, no de lo que est\u00e1 escrito en los documentos impositivos.<\/span><\/span><\/p>\n<h2><span style=\"vertical-align: inherit;\"><span style=\"vertical-align: inherit;\">Ventajas de las hipotecas basadas en extractos bancarios:<\/span><\/span><\/h2>\n<p><span style=\"vertical-align: inherit;\"><span style=\"vertical-align: inherit;\">Tasas Competitivas: <\/span><\/span><br \/>\n<span style=\"vertical-align: inherit;\"><span style=\"vertical-align: inherit;\">Tasas de inter\u00e9s similares a las tasas convencionales.<\/span><\/span><\/p>\n<p><span style=\"vertical-align: inherit;\"><span style=\"vertical-align: inherit;\">Soporte personalizado: <\/span><\/span><br \/>\n<span style=\"vertical-align: inherit;\"><span style=\"vertical-align: inherit;\">Nuestro equipo con experiencia le acompa\u00f1ar\u00e1 en cada paso del proceso hipotecario.<\/span><\/span><\/p>\n<h2><span style=\"vertical-align: inherit;\"><span style=\"vertical-align: inherit;\">Desacreditando mitos:<\/span><\/span><\/h2>\n<p><span style=\"vertical-align: inherit;\"><span style=\"vertical-align: inherit;\">Mito: Las hipotecas basadas en extractos bancarios son solo para personas con mal cr\u00e9dito.<\/span><\/span><\/p>\n<p><span style=\"vertical-align: inherit;\"><span style=\"vertical-align: inherit;\">Realidad: \u00a1Cualquiera puede optar por esta opci\u00f3n de hipoteca! Nos concentramos en confirmar sus ingresos y no solo en analizar su calificaci\u00f3n crediticia, sus impuestos o sus formularios 1099.<\/span><\/span><\/p>\n<p><span style=\"vertical-align: inherit;\"><span style=\"vertical-align: inherit;\">\u00bfEst\u00e1 preparado para hacer realidad su sue\u00f1o de tener una propiedad en Florida? Miami Lending Advisors est\u00e1 aqu\u00ed para brindarle la clave. Nuestras hipotecas con extracto bancario abren las puertas a una propiedad f\u00e1cil y conveniente para los trabajadores aut\u00f3nomos en Florida, convirtiendo la casa de sus sue\u00f1os en una realidad alcanzable.<\/span><\/span><\/p>\n<p style=\"text-align: center;\"><span style=\"vertical-align: inherit;\"><span style=\"vertical-align: inherit;\">\u00a1Empiece hoy!<\/span><\/span><\/p>\n<h3 style=\"text-align: center;\"><span style=\"vertical-align: inherit;\"><span style=\"vertical-align: inherit;\">\u00bfEs usted un agente inmobiliario con clientes aut\u00f3nomos en Florida?<\/span><\/span><\/h3>\n<p style=\"text-align: center;\"><span style=\"vertical-align: inherit;\"><span style=\"vertical-align: inherit;\">Exploremos si nuestra hipoteca con extracto bancario ser\u00eda ideal para sus clientes.<\/span><\/span><\/p>\n","protected":false},"excerpt":{"rendered":"<p><strong><span style=\"vertical-align: inherit;\"><span style=\"vertical-align: inherit;\">Una soluci\u00f3n hipotecaria personalizada dise\u00f1ada para aut\u00f3nomos.<\/span><\/span><\/strong><\/p>\n<p><span style=\"font-weight: 400;\"><span style=\"vertical-align: inherit;\"><span style=\"vertical-align: inherit;\">Esta opci\u00f3n de pr\u00e9stamo es muy interesante para los aut\u00f3nomos que buscan financiaci\u00f3n inmobiliaria en Florida. Como aut\u00f3nomos y profesionales que trabajan duro, merecen m\u00e1s que las opciones habituales.\u00a0<\/span><\/span><\/span><\/p>\n","protected":false},"featured_media":5159,"comment_status":"open","ping_status":"closed","template":"","meta":[],"product_brand":[],"product_cat":[32],"product_tag":[],"class_list":{"0":"post-2716","1":"product","2":"type-product","3":"status-publish","4":"has-post-thumbnail","6":"product_cat-florida","7":"sales-flash-overlay","8":"woocommerce-text-align-center","9":"woocommerce-image-align-center","10":"do-quantity-buttons","12":"first","13":"outofstock","14":"shipping-taxable","15":"product-type-simple"},"_links":{"self":[{"href":"https:\/\/miamilendingadvisors.com\/es\/wp-json\/wp\/v2\/product\/2716","targetHints":{"allow":["GET"]}}],"collection":[{"href":"https:\/\/miamilendingadvisors.com\/es\/wp-json\/wp\/v2\/product"}],"about":[{"href":"https:\/\/miamilendingadvisors.com\/es\/wp-json\/wp\/v2\/types\/product"}],"replies":[{"embeddable":true,"href":"https:\/\/miamilendingadvisors.com\/es\/wp-json\/wp\/v2\/comments?post=2716"}],"version-history":[{"count":13,"href":"https:\/\/miamilendingadvisors.com\/es\/wp-json\/wp\/v2\/product\/2716\/revisions"}],"predecessor-version":[{"id":5158,"href":"https:\/\/miamilendingadvisors.com\/es\/wp-json\/wp\/v2\/product\/2716\/revisions\/5158"}],"wp:featuredmedia":[{"embeddable":true,"href":"https:\/\/miamilendingadvisors.com\/es\/wp-json\/wp\/v2\/media\/5159"}],"wp:attachment":[{"href":"https:\/\/miamilendingadvisors.com\/es\/wp-json\/wp\/v2\/media?parent=2716"}],"wp:term":[{"taxonomy":"product_brand","embeddable":true,"href":"https:\/\/miamilendingadvisors.com\/es\/wp-json\/wp\/v2\/product_brand?post=2716"},{"taxonomy":"product_cat","embeddable":true,"href":"https:\/\/miamilendingadvisors.com\/es\/wp-json\/wp\/v2\/product_cat?post=2716"},{"taxonomy":"product_tag","embeddable":true,"href":"https:\/\/miamilendingadvisors.com\/es\/wp-json\/wp\/v2\/product_tag?post=2716"}],"curies":[{"name":"wp","href":"https:\/\/api.w.org\/{rel}","templated":true}]}}