{"id":1727,"date":"2024-05-03T21:55:48","date_gmt":"2024-05-03T21:55:48","guid":{"rendered":"https:\/\/miamilendingadvisors.com\/es\/?post_type=product&#038;p=1727"},"modified":"2024-12-24T17:06:27","modified_gmt":"2024-12-24T22:06:27","slug":"prestamos-jumbo","status":"publish","type":"product","link":"https:\/\/miamilendingadvisors.com\/es\/producto\/prestamos-jumbo\/","title":{"rendered":"Pr\u00e9stamos Jumbo"},"content":{"rendered":"<h2><span style=\"font-weight: 400;\"><span style=\"vertical-align: inherit;\"><span style=\"vertical-align: inherit;\">\u00bfQu\u00e9 es un pr\u00e9stamo Jumbo?<\/span><\/span><\/span><\/h2>\n<p><span style=\"font-weight: 400;\"><span style=\"vertical-align: inherit;\"><span style=\"vertical-align: inherit;\">Un pr\u00e9stamo jumbo es una soluci\u00f3n hipotecaria \u00fanica dise\u00f1ada para compradores de viviendas que buscan adquirir propiedades de alto precio. A diferencia de las hipotecas est\u00e1ndar, los pr\u00e9stamos jumbo superan los l\u00edmites de pr\u00e9stamos establecidos por las agencias federales, lo que permite a los prestatarios financiar viviendas o propiedades de lujo en \u00e1reas de alta demanda.<\/span><\/span><\/span><\/p>\n<h2><span style=\"font-weight: 400;\"><span style=\"vertical-align: inherit;\"><span style=\"vertical-align: inherit;\">\u00bfPor qu\u00e9 considerar un pr\u00e9stamo Jumbo?<\/span><\/span><\/span><\/h2>\n<h3><span style=\"font-weight: 400;\"><span style=\"vertical-align: inherit;\"><span style=\"vertical-align: inherit;\">1. L\u00edmites de endeudamiento m\u00e1s elevados:\u00a0<\/span><\/span><\/span><\/h3>\n<p><span style=\"font-weight: 400;\"><span style=\"vertical-align: inherit;\"><span style=\"vertical-align: inherit;\">Los pr\u00e9stamos jumbo le permiten financiar propiedades que superan los l\u00edmites de tama\u00f1o de los pr\u00e9stamos habituales. Ya sea que est\u00e9 considerando una casa o un condominio en una ubicaci\u00f3n privilegiada como Miami Beach o Coral Gables, un pr\u00e9stamo jumbo puede ser la clave.<\/span><\/span><\/span><\/p>\n<h3><span style=\"font-weight: 400;\"><span style=\"vertical-align: inherit;\"><span style=\"vertical-align: inherit;\">2. Opciones de propiedad flexibles:\u00a0<\/span><\/span><\/span><\/h3>\n<p><span style=\"font-weight: 400;\"><span style=\"vertical-align: inherit;\"><span style=\"vertical-align: inherit;\">Desde residencias principales y casas de vacaciones hasta propiedades de inversi\u00f3n, los pr\u00e9stamos jumbo atienden varios tipos de propiedades.<\/span><\/span><\/span><\/p>\n<h3><span style=\"font-weight: 400;\"><span style=\"vertical-align: inherit;\"><span style=\"vertical-align: inherit;\">3. Tasas de inter\u00e9s competitivas:\u00a0<\/span><\/span><\/span><\/h3>\n<p><span style=\"font-weight: 400;\"><span style=\"vertical-align: inherit;\"><span style=\"vertical-align: inherit;\">Contrariamente a la creencia popular, las tasas de los pr\u00e9stamos jumbo pueden ser tan competitivas, o incluso m\u00e1s, que las de los pr\u00e9stamos convencionales. El panorama de las tasas est\u00e1 en constante evoluci\u00f3n y, en ocasiones, los pr\u00e9stamos jumbo incluso ofrecen mejores tasas.<\/span><\/span><\/span><\/p>\n<h2><span style=\"font-weight: 400;\"><span style=\"vertical-align: inherit;\"><span style=\"vertical-align: inherit;\">Entendiendo los l\u00edmites:<\/span><\/span><\/span><\/h2>\n<p><span style=\"font-weight: 400;\"><span style=\"vertical-align: inherit;\"><span style=\"vertical-align: inherit;\">Los l\u00edmites de los pr\u00e9stamos Jumbo se determinan principalmente por la ubicaci\u00f3n y el valor de la propiedad. Para el a\u00f1o 2023, en Miami Dade y Broward, cualquier monto de pr\u00e9stamo superior a <\/span><\/span><\/span><span style=\"font-weight: 400;\"><span style=\"vertical-align: inherit;\"><span style=\"vertical-align: inherit;\">$726,200 se considera un pr\u00e9stamo Jumbo.\u00a0<\/span><\/span><\/span><\/p>\n<h2><span style=\"font-weight: 400;\"><span style=\"vertical-align: inherit;\"><span style=\"vertical-align: inherit;\">\u00bfQu\u00e9 pasa con el pago inicial?\u00a0<\/span><\/span><\/span><\/h2>\n<p><span style=\"font-weight: 400;\"><span style=\"vertical-align: inherit;\"><span style=\"vertical-align: inherit;\">Analizaremos sus finanzas y la propiedad que desea y le brindaremos informaci\u00f3n sobre el pago inicial m\u00ednimo requerido. Ofrecemos programas a partir del 10 %. Sin embargo, un pago inicial del 20 % generalmente funcionar\u00e1 mejor para obtener condiciones favorables.\u00a0<\/span><\/span><\/span><\/p>\n<h2><span style=\"font-weight: 400;\"><span style=\"vertical-align: inherit;\"><span style=\"vertical-align: inherit;\">\u00bfEs un pr\u00e9stamo Jumbo adecuado para usted?<\/span><\/span><\/span><\/h2>\n<p><span style=\"font-weight: 400;\"><span style=\"vertical-align: inherit;\"><span style=\"vertical-align: inherit;\">Si tiene un perfil financiero s\u00f3lido, una buena calificaci\u00f3n crediticia y est\u00e1 buscando una propiedad de lujo, un pr\u00e9stamo jumbo puede ser una excelente opci\u00f3n. Sin embargo, aseg\u00farese siempre de no estirar demasiado sus finanzas. Es recomendable consultar con un agente hipotecario para explorar las mejores opciones adaptadas a sus necesidades.<\/span><\/span><\/span><\/p>\n<h2><span style=\"font-weight: 400;\"><span style=\"vertical-align: inherit;\"><span style=\"vertical-align: inherit;\">\u00bfPuedo obtener la aprobaci\u00f3n para un pr\u00e9stamo Jumbo como inversionista internacional?\u00a0<\/span><\/span><\/span><\/h2>\n<p><span style=\"font-weight: 400;\"><span style=\"vertical-align: inherit;\"><span style=\"vertical-align: inherit;\">S\u00ed, como inversor internacional, puede solicitar y obtener un pr\u00e9stamo jumbo con excelentes condiciones para una segunda vivienda o una propiedad de inversi\u00f3n. No necesita tener seguro social ni ingresos en los EE. UU. para calificar para un pr\u00e9stamo de gran monto.\u00a0<\/span><\/span><\/span><\/p>\n<h2><span style=\"font-weight: 400;\"><span style=\"vertical-align: inherit;\"><span style=\"vertical-align: inherit;\">\u00bfPor qu\u00e9 elegir Miami Lending Advisors?<\/span><\/span><\/span><\/h2>\n<p><span style=\"font-weight: 400;\"><span style=\"vertical-align: inherit;\"><span style=\"vertical-align: inherit;\">En Miami Lending Advisors, nos enorgullecemos de estar entre las empresas hipotecarias mejor calificadas de Florida. Ofrecemos una gran variedad de soluciones hipotecarias dise\u00f1adas para satisfacer sus necesidades \u00fanicas de compra o refinanciamiento de vivienda en Florida. Ya sea que est\u00e9 buscando una hipoteca Jumbo para su vivienda principal, su segunda vivienda o una propiedad de inversi\u00f3n, tenemos una soluci\u00f3n personalizada para usted.<\/span><\/span><\/span><\/p>\n<p><b><span style=\"vertical-align: inherit;\"><span style=\"vertical-align: inherit;\">Experiencia: <\/span><\/span><\/b><span style=\"font-weight: 400;\"><span style=\"vertical-align: inherit;\"><span style=\"vertical-align: inherit;\">Somos expertos en hipotecas de Florida y ofrecemos m\u00e1s opciones, transparencia y una forma m\u00e1s sencilla de encontrar el programa hipotecario adecuado para su situaci\u00f3n particular.<\/span><\/span><\/span><\/p>\n<p><b><span style=\"vertical-align: inherit;\"><span style=\"vertical-align: inherit;\">Diversas opciones hipotecarias: <\/span><\/span><\/b><span style=\"font-weight: 400;\"><span style=\"vertical-align: inherit;\"><span style=\"vertical-align: inherit;\">desde pr\u00e9stamos convencionales hasta propiedades \u00fanicas como condominios, condominios tipo condominio, cooperativas o condominios sin garant\u00eda, tenemos su soluci\u00f3n hipotecaria.<\/span><\/span><\/span><\/p>\n<p><b><span style=\"vertical-align: inherit;\"><span style=\"vertical-align: inherit;\">Consulta personalizada: <\/span><\/span><\/b><span style=\"font-weight: 400;\"><span style=\"vertical-align: inherit;\"><span style=\"vertical-align: inherit;\">comun\u00edquese con nuestros expertos en hipotecas de Florida para una consulta personalizada o utilice nuestro Calificador de compra de vivienda para agilizar la preaprobaci\u00f3n de su hipoteca.<\/span><\/span><\/span><\/p>\n<h3 style=\"text-align: center;\"><span style=\"vertical-align: inherit;\"><span style=\"vertical-align: inherit;\">\u00bfEs usted un agente inmobiliario?<\/span><\/span><\/h3>\n<p style=\"text-align: center;\"><em><span style=\"vertical-align: inherit;\"><span style=\"vertical-align: inherit;\">Hablemos de los pr\u00e9stamos Jumbo para sus clientes de alto nivel<\/span><\/span><\/em><\/p>\n","protected":false},"excerpt":{"rendered":"<p data-sourcepos=\"3:1-3:67\"><strong><span style=\"vertical-align: inherit;\"><span style=\"vertical-align: inherit;\">Pr\u00e9stamos Jumbo: su clave para adquirir bienes ra\u00edces de lujo en Miami y m\u00e1s all\u00e1<\/span><\/span><\/strong><\/p>\n<p data-sourcepos=\"5:1-5:163\"><span style=\"vertical-align: inherit;\"><span style=\"vertical-align: inherit;\">\u00bfEst\u00e1 buscando comprar una propiedad de alta gama en una ubicaci\u00f3n codiciada? Un pr\u00e9stamo jumbo podr\u00eda ser la soluci\u00f3n perfecta. Estas hipotecas especializadas superan los l\u00edmites de pr\u00e9stamos est\u00e1ndar, lo que le permite financiar viviendas de lujo, propiedades vacacionales o bienes ra\u00edces de inversi\u00f3n.<\/span><\/span><\/p>\n<p data-sourcepos=\"18:1-18:36\"><strong><span style=\"vertical-align: inherit;\"><span style=\"vertical-align: inherit;\">\u00a1Inversores internacionales bienvenidos!<\/span><\/span><\/strong><\/p>\n","protected":false},"featured_media":5155,"comment_status":"open","ping_status":"closed","template":"","meta":[],"product_brand":[],"product_cat":[32],"product_tag":[53,49],"class_list":{"0":"post-1727","1":"product","2":"type-product","3":"status-publish","4":"has-post-thumbnail","6":"product_cat-florida","7":"product_tag-agente-hipotecario-en-miami","8":"product_tag-opciones-prestamos-florida","9":"sales-flash-overlay","10":"woocommerce-text-align-center","11":"woocommerce-image-align-center","12":"do-quantity-buttons","14":"first","15":"outofstock","16":"shipping-taxable","17":"product-type-simple"},"_links":{"self":[{"href":"https:\/\/miamilendingadvisors.com\/es\/wp-json\/wp\/v2\/product\/1727","targetHints":{"allow":["GET"]}}],"collection":[{"href":"https:\/\/miamilendingadvisors.com\/es\/wp-json\/wp\/v2\/product"}],"about":[{"href":"https:\/\/miamilendingadvisors.com\/es\/wp-json\/wp\/v2\/types\/product"}],"replies":[{"embeddable":true,"href":"https:\/\/miamilendingadvisors.com\/es\/wp-json\/wp\/v2\/comments?post=1727"}],"version-history":[{"count":10,"href":"https:\/\/miamilendingadvisors.com\/es\/wp-json\/wp\/v2\/product\/1727\/revisions"}],"predecessor-version":[{"id":5154,"href":"https:\/\/miamilendingadvisors.com\/es\/wp-json\/wp\/v2\/product\/1727\/revisions\/5154"}],"wp:featuredmedia":[{"embeddable":true,"href":"https:\/\/miamilendingadvisors.com\/es\/wp-json\/wp\/v2\/media\/5155"}],"wp:attachment":[{"href":"https:\/\/miamilendingadvisors.com\/es\/wp-json\/wp\/v2\/media?parent=1727"}],"wp:term":[{"taxonomy":"product_brand","embeddable":true,"href":"https:\/\/miamilendingadvisors.com\/es\/wp-json\/wp\/v2\/product_brand?post=1727"},{"taxonomy":"product_cat","embeddable":true,"href":"https:\/\/miamilendingadvisors.com\/es\/wp-json\/wp\/v2\/product_cat?post=1727"},{"taxonomy":"product_tag","embeddable":true,"href":"https:\/\/miamilendingadvisors.com\/es\/wp-json\/wp\/v2\/product_tag?post=1727"}],"curies":[{"name":"wp","href":"https:\/\/api.w.org\/{rel}","templated":true}]}}