{"id":1717,"date":"2024-05-03T20:05:09","date_gmt":"2024-05-03T20:05:09","guid":{"rendered":"https:\/\/miamilendingadvisors.com\/es\/?post_type=product&#038;p=1717"},"modified":"2024-12-24T17:16:47","modified_gmt":"2024-12-24T22:16:47","slug":"hipoteca-convencional","status":"publish","type":"product","link":"https:\/\/miamilendingadvisors.com\/es\/producto\/hipoteca-convencional\/","title":{"rendered":"Hipoteca Convencional"},"content":{"rendered":"<p><span style=\"vertical-align: inherit;\"><span style=\"vertical-align: inherit;\">Uno de los tipos de hipotecas m\u00e1s populares es el pr\u00e9stamo convencional. Estos pr\u00e9stamos se adhieren a las pautas establecidas por Fannie Mae y Freddie Mac, lo que garantiza t\u00e9rminos y condiciones estandarizados. Tienen una amplia aceptaci\u00f3n y suelen ofrecer tasas competitivas, lo que los convierte en una opci\u00f3n com\u00fan para muchos compradores de viviendas.<\/span><\/span><\/p>\n<h2><span style=\"vertical-align: inherit;\"><span style=\"vertical-align: inherit;\">Caracter\u00edsticas principales de los pr\u00e9stamos convencionales<\/span><\/span><\/h2>\n<h3><span style=\"vertical-align: inherit;\"><span style=\"vertical-align: inherit;\">Tipo de pr\u00e9stamo:<\/span><\/span><\/h3>\n<p><span style=\"vertical-align: inherit;\"><span style=\"vertical-align: inherit;\">Los pr\u00e9stamos convencionales generalmente tienen una tasa fija durante toda la duraci\u00f3n del pr\u00e9stamo.<\/span><\/span><\/p>\n<h3><span style=\"vertical-align: inherit;\"><span style=\"vertical-align: inherit;\">Bajo pago:<\/span><\/span><\/h3>\n<p><span style=\"vertical-align: inherit;\"><span style=\"vertical-align: inherit;\">Los pagos iniciales pueden ser tan bajos como el 3%<\/span><\/span><\/p>\n<h3><span style=\"vertical-align: inherit;\"><span style=\"vertical-align: inherit;\">Excelentes condiciones:<\/span><\/span><\/h3>\n<p><span style=\"vertical-align: inherit;\"><span style=\"vertical-align: inherit;\">Estos dependen de varios factores, entre ellos: puntaje crediticio, propiedad, monto del pago inicial y el prestamista.<\/span><\/span><\/p>\n<h2><span style=\"vertical-align: inherit;\"><span style=\"vertical-align: inherit;\">L\u00edmite m\u00e1ximo de pr\u00e9stamo para el condado de Miami-Dade<\/span><\/span><\/h2>\n<p><span style=\"vertical-align: inherit;\"><span style=\"vertical-align: inherit;\">A partir de 2024, el l\u00edmite de pr\u00e9stamo convencional para el condado de Miami-Dade es de $766,550 para propiedades de una sola unidad. Para montos de pr\u00e9stamo m\u00e1s grandes, hay otros programas disponibles, pero no califican para los programas convencionales. Estos var\u00edan de un condado a otro. Comun\u00edquese con nosotros y le daremos el monto exacto para el condado que le interesa.<\/span><\/span><\/p>\n<h2><span style=\"vertical-align: inherit;\"><span style=\"vertical-align: inherit;\">Requisitos b\u00e1sicos para un pr\u00e9stamo convencional en Miami<\/span><\/span><\/h2>\n<p><span style=\"vertical-align: inherit;\"><span style=\"vertical-align: inherit;\">Para calificar para un pr\u00e9stamo convencional en Miami, debe cumplir con los siguientes criterios:<\/span><\/span><\/p>\n<ul>\n<li><span style=\"vertical-align: inherit;\"><span style=\"vertical-align: inherit;\">Puntaje crediticio: Los puntajes m\u00e1s altos a menudo conducen a mejores tasas y condiciones.<\/span><\/span><\/li>\n<li><span style=\"vertical-align: inherit;\"><span style=\"vertical-align: inherit;\">Pago inicial: fondos suficientes para el pago inicial en caso de compra. Los pagos iniciales m\u00e1s altos pueden eliminar la necesidad de un seguro hipotecario.<\/span><\/span><\/li>\n<li><span style=\"vertical-align: inherit;\"><span style=\"vertical-align: inherit;\">Relaci\u00f3n ingresos-deudas: Sus deudas, incluidos los gastos de la nueva compra o refinanciaci\u00f3n, deben ser inferiores al 50% de sus ingresos totales.<\/span><\/span><\/li>\n<\/ul>\n<h2><span style=\"vertical-align: inherit;\"><span style=\"vertical-align: inherit;\">Solicitar un pr\u00e9stamo convencional<\/span><\/span><\/h2>\n<p><span style=\"vertical-align: inherit;\"><span style=\"vertical-align: inherit;\">La situaci\u00f3n financiera de cada persona es \u00fanica. Dados los numerosos factores que afectan las condiciones, es fundamental conseguir un pr\u00e9stamo que se ajuste a sus necesidades. Ofrecemos una amplia selecci\u00f3n de pr\u00e9stamos convencionales, lo que le permite elegir las tasas y las condiciones que m\u00e1s le convengan.<\/span><\/span><\/p>\n<p><span style=\"vertical-align: inherit;\"><span style=\"vertical-align: inherit;\">En conclusi\u00f3n, una hipoteca convencional es una buena opci\u00f3n si tienes un buen historial crediticio y algunos ahorros para el pago inicial. Ofrece flexibilidad y costos potencialmente m\u00e1s bajos, especialmente si prefieres no tener que lidiar con programas de pr\u00e9stamos gubernamentales.<\/span><\/span><\/p>\n<h3 style=\"text-align: center;\"><span style=\"vertical-align: inherit;\"><span style=\"vertical-align: inherit;\">\u00bfEs usted un agente inmobiliario destacado en Florida?<\/span><\/span><\/h3>\n<p style=\"text-align: center;\"><span style=\"vertical-align: inherit;\"><span style=\"vertical-align: inherit;\">Hablemos de las opciones de pr\u00e9stamos que tenemos para sus clientes.<\/span><\/span><\/p>\n","protected":false},"excerpt":{"rendered":"<p><span style=\"font-weight: 400;\"><span style=\"vertical-align: inherit;\"><span style=\"vertical-align: inherit;\">Una hipoteca convencional es un tipo de pr\u00e9stamo inmobiliario que no est\u00e1 asegurado ni garantizado por el gobierno. En cambio, lo ofrecen prestamistas privados, como bancos, cooperativas de cr\u00e9dito y compa\u00f1\u00edas hipotecarias.\u00a0 <\/span><\/span><\/span><span style=\"font-weight: 400;\"><span style=\"vertical-align: inherit;\"><span style=\"vertical-align: inherit;\">Queremos hacer un desglose para simplificar qu\u00e9 es una hipoteca convencional y c\u00f3mo funciona:\u00a0<\/span><\/span><\/span><\/p>\n","protected":false},"featured_media":5152,"comment_status":"open","ping_status":"closed","template":"","meta":[],"product_brand":[],"product_cat":[32],"product_tag":[53],"class_list":{"0":"post-1717","1":"product","2":"type-product","3":"status-publish","4":"has-post-thumbnail","6":"product_cat-florida","7":"product_tag-agente-hipotecario-en-miami","8":"sales-flash-overlay","9":"woocommerce-text-align-center","10":"woocommerce-image-align-center","11":"do-quantity-buttons","13":"first","14":"outofstock","15":"shipping-taxable","16":"product-type-simple"},"_links":{"self":[{"href":"https:\/\/miamilendingadvisors.com\/es\/wp-json\/wp\/v2\/product\/1717","targetHints":{"allow":["GET"]}}],"collection":[{"href":"https:\/\/miamilendingadvisors.com\/es\/wp-json\/wp\/v2\/product"}],"about":[{"href":"https:\/\/miamilendingadvisors.com\/es\/wp-json\/wp\/v2\/types\/product"}],"replies":[{"embeddable":true,"href":"https:\/\/miamilendingadvisors.com\/es\/wp-json\/wp\/v2\/comments?post=1717"}],"version-history":[{"count":8,"href":"https:\/\/miamilendingadvisors.com\/es\/wp-json\/wp\/v2\/product\/1717\/revisions"}],"predecessor-version":[{"id":5151,"href":"https:\/\/miamilendingadvisors.com\/es\/wp-json\/wp\/v2\/product\/1717\/revisions\/5151"}],"wp:featuredmedia":[{"embeddable":true,"href":"https:\/\/miamilendingadvisors.com\/es\/wp-json\/wp\/v2\/media\/5152"}],"wp:attachment":[{"href":"https:\/\/miamilendingadvisors.com\/es\/wp-json\/wp\/v2\/media?parent=1717"}],"wp:term":[{"taxonomy":"product_brand","embeddable":true,"href":"https:\/\/miamilendingadvisors.com\/es\/wp-json\/wp\/v2\/product_brand?post=1717"},{"taxonomy":"product_cat","embeddable":true,"href":"https:\/\/miamilendingadvisors.com\/es\/wp-json\/wp\/v2\/product_cat?post=1717"},{"taxonomy":"product_tag","embeddable":true,"href":"https:\/\/miamilendingadvisors.com\/es\/wp-json\/wp\/v2\/product_tag?post=1717"}],"curies":[{"name":"wp","href":"https:\/\/api.w.org\/{rel}","templated":true}]}}