{"id":1711,"date":"2024-05-03T18:21:31","date_gmt":"2024-05-03T18:21:31","guid":{"rendered":"https:\/\/miamilendingadvisors.com\/es\/?post_type=product&#038;p=1711"},"modified":"2025-09-27T13:25:43","modified_gmt":"2025-09-27T18:25:43","slug":"financiamiento-condos-no-convencionales","status":"publish","type":"product","link":"https:\/\/miamilendingadvisors.com\/es\/producto\/financiamiento-condos-no-convencionales\/","title":{"rendered":"Financiamiento de Condos No Convencionales"},"content":{"rendered":"<h2><span style=\"font-weight: 400;\"><span style=\"vertical-align: inherit;\"><span style=\"vertical-align: inherit;\">\u00bfQu\u00e9 es un condominio no garantizable?\u00a0<\/span><\/span><\/span><\/h2>\n<p><span style=\"font-weight: 400;\"><span style=\"vertical-align: inherit;\"><span style=\"vertical-align: inherit;\">Los condominios sin garant\u00eda son unidades en condominios que no cumplen con los est\u00e1ndares r\u00edgidos de las organizaciones patrocinadas por el gobierno, como Fannie Mae y Freddie Mac. Los condominios sin garant\u00eda implican un mayor riesgo para el prestamista. Hacemos posible el financiamiento convencional para condominios sin garant\u00eda a pesar de los desaf\u00edos.<\/span><\/span><\/span><\/p>\n<h3><span style=\"font-weight: 400;\"><span style=\"vertical-align: inherit;\"><span style=\"vertical-align: inherit;\">Algunas razones por las que un condominio puede considerarse no garantizable pueden incluir:<\/span><\/span><\/span><\/h3>\n<ul>\n<li style=\"font-weight: 400;\"><span style=\"font-weight: 400;\"><span style=\"vertical-align: inherit;\"><span style=\"vertical-align: inherit;\">Falta de control de los propietarios sobre la asociaci\u00f3n de propietarios<\/span><\/span><\/span><\/li>\n<li style=\"font-weight: 400;\"><span style=\"font-weight: 400;\"><span style=\"vertical-align: inherit;\"><span style=\"vertical-align: inherit;\">Alto porcentaje de unidades no ocupadas por sus propietarios, se permiten alquileres a corto plazo, una sola entidad posee m\u00e1s del 10% de las unidades<\/span><\/span><\/span><\/li>\n<li style=\"font-weight: 400;\"><span style=\"font-weight: 400;\"><span style=\"vertical-align: inherit;\"><span style=\"vertical-align: inherit;\">Algunos tipos de litigios en curso contra la asociaci\u00f3n<\/span><\/span><\/span><\/li>\n<li style=\"font-weight: 400;\"><span style=\"font-weight: 400;\"><span style=\"vertical-align: inherit;\"><span style=\"vertical-align: inherit;\">Reservas insuficientes en el presupuesto de la asociaci\u00f3n de propietarios<\/span><\/span><\/span><\/li>\n<\/ul>\n<h2><span style=\"font-weight: 400;\"><span style=\"vertical-align: inherit;\"><span style=\"vertical-align: inherit;\">Opciones de financiamiento para condominios sin garant\u00eda<\/span><\/span><\/span><\/h2>\n<p><span style=\"font-weight: 400;\"><span style=\"vertical-align: inherit;\"><span style=\"vertical-align: inherit;\">Los asesores de pr\u00e9stamos de Miami tienen experiencia en la financiaci\u00f3n de condominios sin garant\u00eda y comprenden los desaf\u00edos que puede enfrentar. Es por eso que ofrecemos diversas alternativas de pr\u00e9stamos y t\u00e9rminos flexibles a nuestros clientes. Nuestros t\u00e9rminos incluyen:<\/span><\/span><\/span><\/p>\n<ul>\n<li style=\"font-weight: 400;\"><span style=\"font-weight: 400;\"><span style=\"vertical-align: inherit;\"><span style=\"vertical-align: inherit;\">Disponible para clientes nacionales e internacionales.<\/span><\/span><\/span><\/li>\n<li style=\"font-weight: 400;\"><span style=\"font-weight: 400;\"><span style=\"vertical-align: inherit;\"><span style=\"vertical-align: inherit;\">Montos de pr\u00e9stamos de hasta $10 millones.<\/span><\/span><\/span><\/li>\n<li style=\"font-weight: 400;\"><span style=\"font-weight: 400;\"><span style=\"vertical-align: inherit;\"><span style=\"vertical-align: inherit;\">Compra, refinanciaci\u00f3n a plazo con tasa, refinanciaci\u00f3n con retiro de efectivo y consolidaci\u00f3n de deuda.<\/span><\/span><\/span><\/li>\n<li style=\"font-weight: 400;\"><span style=\"font-weight: 400;\"><span style=\"vertical-align: inherit;\"><span style=\"vertical-align: inherit;\">Las unidades deben tener una peque\u00f1a cocina con estufa completa.<\/span><\/span><\/span><\/li>\n<li style=\"font-weight: 400;\"><span style=\"font-weight: 400;\"><span style=\"vertical-align: inherit;\"><span style=\"vertical-align: inherit;\">Disponible para condominios no garantizados, incluidas propiedades tipo condotel<\/span><\/span><\/span><\/li>\n<li style=\"font-weight: 400;\"><span style=\"font-weight: 400;\"><span style=\"vertical-align: inherit;\"><span style=\"vertical-align: inherit;\">Cierre tan r\u00e1pido como 30 d\u00edas<\/span><\/span><\/span><\/li>\n<\/ul>\n<h2><span style=\"font-weight: 400;\"><span style=\"vertical-align: inherit;\"><span style=\"vertical-align: inherit;\">\u00bfQu\u00e9 es un Cuestionario de Condominio?<\/span><\/span><\/span><\/h2>\n<p><span style=\"font-weight: 400;\"><span style=\"vertical-align: inherit;\"><span style=\"vertical-align: inherit;\">Al intentar obtener financiaci\u00f3n para un condominio sin garant\u00eda, con frecuencia hay una etapa integral denominada cuestionario de condominio. Hay que tener en cuenta que este papeleo adquiere gran importancia a la hora de evaluar si la estabilidad financiera y la sostenibilidad del edificio de condominios influyen en la decisi\u00f3n de otorgar el pr\u00e9stamo.<\/span><\/span><\/span><\/p>\n<p><span style=\"font-weight: 400;\"><span style=\"vertical-align: inherit;\"><span style=\"vertical-align: inherit;\">Un cuestionario vital, conocido como cuestionario de condominios, es una encuesta sustantiva que ayuda a los prestamistas a obtener datos cruciales sobre el condominio y su asociaci\u00f3n. Por lo general, el cuestionario de condominios lo completa la asociaci\u00f3n de condominios con informaci\u00f3n \u00fatil sobre diferentes partes de la propiedad.<\/span><\/span><\/span><\/p>\n<h2><span style=\"font-weight: 400;\"><span style=\"vertical-align: inherit;\"><span style=\"vertical-align: inherit;\">Componentes clave del cuestionario sobre condominios<\/span><\/span><\/span><\/h2>\n<h3><span style=\"font-weight: 400;\"><span style=\"vertical-align: inherit;\"><span style=\"vertical-align: inherit;\">Salud financiera:<\/span><\/span><\/span><\/h3>\n<p><span style=\"font-weight: 400;\"><span style=\"vertical-align: inherit;\"><span style=\"vertical-align: inherit;\">Uno de los puntos principales del cuestionario para condominios es la estabilidad financiera de la asociaci\u00f3n. Los prestamistas quieren conocer el presupuesto, las reservas y el potencial de contribuciones especiales de la asociaci\u00f3n. Esta informaci\u00f3n ayuda a evaluar la capacidad de la asociaci\u00f3n para cubrir el mantenimiento, las reparaciones y los gastos imprevistos.<\/span><\/span><\/span><\/p>\n<h3><span style=\"font-weight: 400;\"><span style=\"vertical-align: inherit;\"><span style=\"vertical-align: inherit;\">Cobertura del seguro:<\/span><\/span><\/span><\/h3>\n<p><span style=\"font-weight: 400;\"><span style=\"vertical-align: inherit;\"><span style=\"vertical-align: inherit;\">El cuestionario suele preguntar sobre la cobertura de seguros del condominio, incluidos los seguros de responsabilidad civil, de propiedad y contra riesgos. Una cobertura de seguros adecuada es esencial para proteger tanto a la asociaci\u00f3n como a sus residentes de eventos inesperados.<\/span><\/span><\/span><\/p>\n<h3><span style=\"font-weight: 400;\"><span style=\"vertical-align: inherit;\"><span style=\"vertical-align: inherit;\">Gobernanza y Gesti\u00f3n:<\/span><\/span><\/span><\/h3>\n<p><span style=\"font-weight: 400;\"><span style=\"vertical-align: inherit;\"><span style=\"vertical-align: inherit;\">Los prestamistas est\u00e1n interesados \u200b\u200ben la gesti\u00f3n y administraci\u00f3n de la asociaci\u00f3n de condominios. Esto incluye la junta directiva, la administraci\u00f3n de la propiedad y los desaf\u00edos legales.<\/span><\/span><\/span><\/p>\n<h3><span style=\"font-weight: 400;\"><span style=\"vertical-align: inherit;\"><span style=\"vertical-align: inherit;\">Tasas de alquiler y ocupaci\u00f3n por parte de propietarios:<\/span><\/span><\/span><\/h3>\n<p><span style=\"font-weight: 400;\"><span style=\"vertical-align: inherit;\"><span style=\"vertical-align: inherit;\">Las encuestas sobre alquiler y compra de condominios preguntan sobre la proporci\u00f3n de unidades ocupadas por sus propietarios y de unidades de alquiler. Estos datos ayudan a los prestamistas a evaluar la estabilidad de la comunidad, ya que una mayor cantidad de departamentos ocupados por sus propietarios sugiere un complejo m\u00e1s estable y atractivo.<\/span><\/span><\/span><\/p>\n<h3><span style=\"font-weight: 400;\"><span style=\"vertical-align: inherit;\"><span style=\"vertical-align: inherit;\">Litigio pendiente<\/span><\/span><\/span><\/h3>\n<p><span style=\"font-weight: 400;\"><span style=\"vertical-align: inherit;\"><span style=\"vertical-align: inherit;\">La informaci\u00f3n sobre litigios en curso o potenciales puede tener un impacto significativo en la decisi\u00f3n de otorgar un pr\u00e9stamo. Los prestamistas deben comprender el entorno legal que rodea al complejo de condominios para evaluar los posibles riesgos.<\/span><\/span><\/span><\/p>\n<h3><span style=\"font-weight: 400;\"><span style=\"vertical-align: inherit;\"><span style=\"vertical-align: inherit;\">Servicios y mantenimiento:<\/span><\/span><\/span><\/h3>\n<p><span style=\"font-weight: 400;\"><span style=\"vertical-align: inherit;\"><span style=\"vertical-align: inherit;\">Los detalles sobre las instalaciones compartidas, como piscinas, gimnasios y espacios comunes, son fundamentales. Adem\u00e1s, la informaci\u00f3n sobre la frecuencia con la que se mantienen y cuidan estas \u00e1reas puede ofrecer una idea del nivel de vida y el ambiente comunitario del complejo.<\/span><\/span><\/span><\/p>\n<p><span style=\"font-weight: 400;\"><span style=\"vertical-align: inherit;\"><span style=\"vertical-align: inherit;\">En Miami Lending Advisors, comprendemos la importancia de una aprobaci\u00f3n exitosa de financiamiento para un condominio y el papel fundamental que desempe\u00f1a el cuestionario de condominios en este proceso. Nuestro enfoque implica fomentar relaciones s\u00f3lidas con las asociaciones de condominios para facilitar un intercambio de informaci\u00f3n sin problemas. Colaboramos diligentemente para garantizar que se aborden minuciosamente todos los aspectos del cuestionario de condominios, desde la estabilidad financiera y la cobertura de seguros hasta la gobernanza y las comodidades.<\/span><\/span><\/span><\/p>\n<h2><span style=\"font-weight: 400;\"><span style=\"vertical-align: inherit;\"><span style=\"vertical-align: inherit;\">Pros y contras de invertir en condominios sin garant\u00eda<\/span><\/span><\/span><\/h2>\n<p><span style=\"font-weight: 400;\"><span style=\"vertical-align: inherit;\"><span style=\"vertical-align: inherit;\">Invertir en condominios sin garant\u00eda implica una combinaci\u00f3n \u00fanica de desaf\u00edos y recompensas. Si bien encontrar financiamiento puede ser m\u00e1s dif\u00edcil, comprar un condominio de este tipo podr\u00eda ofrecer un potencial de inversi\u00f3n significativo.<\/span><\/span><\/span><\/p>\n<p><span style=\"font-weight: 400;\"><span style=\"vertical-align: inherit;\"><span style=\"vertical-align: inherit;\">Actualmente, existe una tendencia al alza en el mercado del sur de Florida para la compra de condominios sin garant\u00eda. Esta temporada alta para comprar le ofrece una excelente oportunidad de invertir en el condominio sin garant\u00eda de sus sue\u00f1os en Florida.<\/span><\/span><\/span><\/p>\n<h3 style=\"text-align: center;\"><strong><span style=\"vertical-align: inherit;\"><span style=\"vertical-align: inherit;\">\u00bfEs usted un agente inmobiliario?<\/span><\/span><\/strong><\/h3>\n<p style=\"text-align: center;\"><em><span style=\"vertical-align: inherit;\"><span style=\"vertical-align: inherit;\">Hablemos sobre el financiamiento de condominios sin garant\u00eda para sus clientes.<\/span><\/span><\/em><\/p>\n","protected":false},"excerpt":{"rendered":"<p><strong><span style=\"vertical-align: inherit;\"><span style=\"vertical-align: inherit;\">Soluciones de financiaci\u00f3n a medida para propiedades no garantizadas<\/span><\/span><\/strong><\/p>\n<p><span style=\"vertical-align: inherit;\"><span style=\"vertical-align: inherit;\">Nuestro experimentado equipo de expertos en hipotecas se especializa en brindar soluciones de financiamiento personalizadas para propiedades sin garant\u00eda, lo que hace realidad su sue\u00f1o de ser propietario de una vivienda. Si est\u00e1 considerando una propiedad que no cumple con los est\u00e1ndares t\u00edpicos establecidos por los pr\u00e9stamos convencionales, estamos aqu\u00ed para ayudarlo.<\/span><\/span><\/p>\n","protected":false},"featured_media":5153,"comment_status":"open","ping_status":"closed","template":"","meta":[],"product_brand":[],"product_cat":[32],"product_tag":[],"class_list":{"0":"post-1711","1":"product","2":"type-product","3":"status-publish","4":"has-post-thumbnail","6":"product_cat-florida","7":"sales-flash-overlay","8":"woocommerce-text-align-center","9":"woocommerce-image-align-center","10":"do-quantity-buttons","12":"first","13":"outofstock","14":"shipping-taxable","15":"product-type-simple"},"_links":{"self":[{"href":"https:\/\/miamilendingadvisors.com\/es\/wp-json\/wp\/v2\/product\/1711","targetHints":{"allow":["GET"]}}],"collection":[{"href":"https:\/\/miamilendingadvisors.com\/es\/wp-json\/wp\/v2\/product"}],"about":[{"href":"https:\/\/miamilendingadvisors.com\/es\/wp-json\/wp\/v2\/types\/product"}],"replies":[{"embeddable":true,"href":"https:\/\/miamilendingadvisors.com\/es\/wp-json\/wp\/v2\/comments?post=1711"}],"version-history":[{"count":10,"href":"https:\/\/miamilendingadvisors.com\/es\/wp-json\/wp\/v2\/product\/1711\/revisions"}],"predecessor-version":[{"id":5150,"href":"https:\/\/miamilendingadvisors.com\/es\/wp-json\/wp\/v2\/product\/1711\/revisions\/5150"}],"wp:featuredmedia":[{"embeddable":true,"href":"https:\/\/miamilendingadvisors.com\/es\/wp-json\/wp\/v2\/media\/5153"}],"wp:attachment":[{"href":"https:\/\/miamilendingadvisors.com\/es\/wp-json\/wp\/v2\/media?parent=1711"}],"wp:term":[{"taxonomy":"product_brand","embeddable":true,"href":"https:\/\/miamilendingadvisors.com\/es\/wp-json\/wp\/v2\/product_brand?post=1711"},{"taxonomy":"product_cat","embeddable":true,"href":"https:\/\/miamilendingadvisors.com\/es\/wp-json\/wp\/v2\/product_cat?post=1711"},{"taxonomy":"product_tag","embeddable":true,"href":"https:\/\/miamilendingadvisors.com\/es\/wp-json\/wp\/v2\/product_tag?post=1711"}],"curies":[{"name":"wp","href":"https:\/\/api.w.org\/{rel}","templated":true}]}}