{"id":4498,"date":"2024-07-01T21:32:53","date_gmt":"2024-07-01T21:32:53","guid":{"rendered":"https:\/\/miamilendingadvisors.com\/es\/?page_id=4498"},"modified":"2025-07-30T16:30:55","modified_gmt":"2025-07-30T21:30:55","slug":"casos-estudio-sobre-prestamos-hipotecarios-florida","status":"publish","type":"page","link":"https:\/\/miamilendingadvisors.com\/es\/casos-estudio-sobre-prestamos-hipotecarios-florida\/","title":{"rendered":"Casos de Estudio sobre pr\u00e9stamos Hipotecarios en Florida"},"content":{"rendered":"\n<h2 class=\"wp-block-heading has-text-align-center\">Casos de Estudio<\/h2>\n\n\n\n<p class=\"has-text-align-center\"><font style=\"vertical-align: inherit\"><font style=\"vertical-align: inherit\">Profundice en nuestros casos de estudio<\/font><\/font> <\/p>\n\n\n\n<p><font style=\"vertical-align: inherit\"><font style=\"vertical-align: inherit\">Nos hemos adentrado en el mundo de las soluciones hipotecarias alternativas y hemos elaborado estudios de casos que son tan ilustrativos como pr\u00e1cticos. Est\u00e1n repletos de situaciones reales, opiniones de expertos y conocimientos pr\u00e1cticos para ayudar a los agentes inmobiliarios, inversores y compradores a navegar por el proceso hipotecario con facilidad y confianza.<\/font><\/font> <\/p>\n\n\n<div class=\"gb-container gb-container-c96aa272\">\n<div class=\"gb-container gb-container-7e1b0a5a\">\n\n<figure class=\"gb-block-image gb-block-image-c4273730\"><img fetchpriority=\"high\" decoding=\"async\" width=\"291\" height=\"194\" class=\"gb-image gb-image-c4273730\" src=\"https:\/\/miamilendingadvisors.com\/es\/wp-content\/uploads\/2025\/07\/case-studies-ICON-TOWER-I-FINANCING-1.png\" alt=\"\" title=\"case-studies-ICON-TOWER-I-FINANCING (1)\"\/><\/figure>\n\n\n\n<h3 class=\"gb-headline gb-headline-f8189f7a gb-headline-text\"> PR\u00e9stamos para profesionales<\/h3>\n\n\n\n<p class=\"gb-headline gb-headline-dfd7307d gb-headline-text\">\u00bfEres m\u00e9dico, abogado o ejecutivo? As\u00ed financiamos su casa en Miami.<\/p>\n\n\n\n<a class=\"gb-button gb-button-67a725a7 gb-button-text\" href=\"https:\/\/miamilendingadvisors.com\/es\/wp-content\/uploads\/2025\/07\/Case-Study-LOANS-FOR-PROFFESIONALS_.pdf\" target=\"_blank\" rel=\"noopener noreferrer\">Learn more<\/a>\n\n<\/div>\n\n<div class=\"gb-container gb-container-68888610\">\n\n<figure class=\"gb-block-image gb-block-image-57757edd\"><img decoding=\"async\" width=\"291\" height=\"194\" class=\"gb-image gb-image-57757edd\" src=\"https:\/\/miamilendingadvisors.com\/es\/wp-content\/uploads\/2024\/07\/CASO-DE-ESTUDIO-townhouse.png\" alt=\"\" title=\"CASO DE ESTUDIO townhouse\"\/><\/figure>\n\n\n\n<h3 class=\"gb-headline gb-headline-6a13cc9c gb-headline-text\"> townhouse<br>renta larga<br>$395,000<\/h3>\n\n\n\n<p class=\"gb-headline gb-headline-010e58aa gb-headline-text\"><font style=\"vertical-align: inherit\"><font style=\"vertical-align: inherit\">Caso de Estudio de pr\u00e9stamo hipotecario para Townhouse de renta larga en Homestead  <\/font><\/font> <\/p>\n\n\n\n<a class=\"gb-button gb-button-7c54056a gb-button-text\" href=\"https:\/\/miamilendingadvisors.com\/es\/wp-content\/uploads\/2024\/06\/Case-Study-Open-House.pdf\" target=\"_blank\" rel=\"noopener noreferrer\">Learn more<\/a>\n\n<\/div>\n\n<div class=\"gb-container gb-container-a8ae0482\">\n\n<figure class=\"gb-block-image gb-block-image-e4f15145\"><img decoding=\"async\" width=\"291\" height=\"194\" class=\"gb-image gb-image-e4f15145\" src=\"https:\/\/miamilendingadvisors.com\/es\/wp-content\/uploads\/2024\/07\/CASO-DE-ESTUDIO-pre-construccion-residencial-renta-larga.png\" alt=\"\" title=\"CASO DE ESTUDIO pre construcci\u00f3n residencial renta larga\"\/><\/figure>\n\n\n\n<h3 class=\"gb-headline gb-headline-e28a9153 gb-headline-text\">pre construcci\u00f3n residencial renta larga $670,000<\/h3>\n\n\n\n<p class=\"gb-headline gb-headline-02a10236 gb-headline-text\"><font style=\"vertical-align: inherit\"><font style=\"vertical-align: inherit\">Caso de Estudio de pr\u00e9stamos hipotecario de apartamento en<\/font><\/font> <font style=\"vertical-align: inherit\"><font style=\"vertical-align: inherit\">pre-construcci\u00f3n para renta larga en North Miami  <\/font><\/font> <\/p>\n\n\n\n<a class=\"gb-button gb-button-c3eefaab gb-button-text\" href=\"https:\/\/miamilendingadvisors.com\/es\/wp-content\/uploads\/2024\/06\/Case-Study-Foreign-National.pdf\" target=\"_blank\" rel=\"noopener noreferrer\"><font style=\"vertical-align: inherit\"><font style=\"vertical-align: inherit\">Aprende m\u00e1s<\/font><\/font> <\/a>\n\n<\/div>\n\n<div class=\"gb-container gb-container-20538b30\">\n\n<figure class=\"gb-block-image gb-block-image-39f02512\"><img loading=\"lazy\" decoding=\"async\" width=\"291\" height=\"194\" class=\"gb-image gb-image-39f02512\" src=\"https:\/\/miamilendingadvisors.com\/es\/wp-content\/uploads\/2024\/07\/CASO-DE-ESTUDIO-pre-construccion-condotel-renta-corta.png\" alt=\"\" title=\"CASO DE ESTUDIO pre construcci\u00f3n - condotel renta corta\"\/><\/figure>\n\n\n\n<h3 class=\"gb-headline gb-headline-d2e5cdf0 gb-headline-text\">pre construcci\u00f3n condo hotel renta corta $600,000<span style=\"font-family: -webkit-standard;font-size: medium;font-weight: 400;letter-spacing: normal;text-align: start;text-transform: none\"><\/span><\/h3>\n\n\n\n<p class=\"gb-headline gb-headline-f12cb8ee gb-headline-text\">Caso de Estudio de pr\u00e9stamo hipotecario para Condo Hotel en pre-construcci\u00f3n de renta corta en Downtown Miami<\/p>\n\n\n\n<a class=\"gb-button gb-button-d55468ec gb-button-text\" href=\"https:\/\/miamilendingadvisors.com\/es\/wp-content\/uploads\/2024\/06\/Case-Study-Condotel.pdf\" target=\"_blank\" rel=\"noopener noreferrer\">Learn more<\/a>\n\n<\/div>\n\n<div class=\"gb-container gb-container-84c3feee\">\n\n<figure class=\"gb-block-image gb-block-image-257b1550\"><img loading=\"lazy\" decoding=\"async\" width=\"291\" height=\"194\" class=\"gb-image gb-image-257b1550\" src=\"https:\/\/miamilendingadvisors.com\/es\/wp-content\/uploads\/2024\/07\/CASO-DE-ESTUDIO-oficina-comercial-arriendo.png\" alt=\"\" title=\"CASO DE ESTUDIO oficina comercial arriendo\"\/><\/figure>\n\n\n\n<h3 class=\"gb-headline gb-headline-9db3dc5a gb-headline-text\"> oficina comercial  arriendo<br>$800,000<\/h3>\n\n\n\n<p class=\"gb-headline gb-headline-ee2d990c gb-headline-text\">Caso de Estudio de pr\u00e9stamo hipotecario para oficina comercial en arriendo en Aventura<\/p>\n\n\n\n<a class=\"gb-button gb-button-72f4d511\" href=\"https:\/\/miamilendingadvisors.com\/es\/wp-content\/uploads\/2024\/06\/Case-Study-Jumbo-Condo-.pdf\" target=\"_blank\" rel=\"noopener noreferrer\"><span class=\"gb-button-text\"><font style=\"vertical-align: inherit\"><font style=\"vertical-align: inherit\">Aprende m\u00e1s<\/font><\/font> <\/span><span class=\"gb-icon\"><\/span><\/a>\n\n<\/div>\n\n<div class=\"gb-container gb-container-ed76df0d\">\n\n<figure class=\"gb-block-image gb-block-image-752f91fb\"><img loading=\"lazy\" decoding=\"async\" width=\"291\" height=\"194\" class=\"gb-image gb-image-752f91fb\" src=\"https:\/\/miamilendingadvisors.com\/es\/wp-content\/uploads\/2024\/07\/CASO-DE-ESTUDIO-casa-renta-corta.png\" alt=\"\" title=\"CASO DE ESTUDIO casa- renta corta\"\/><\/figure>\n\n\n\n<h3 class=\"gb-headline gb-headline-f217f3d2 gb-headline-text\">casa<br>renta corta<br>$995,000<\/h3>\n\n\n\n<p class=\"gb-headline gb-headline-b1ae1b80 gb-headline-text\">Caso de Estudio de pr\u00e9stamo hipotecario para casa de renta corta en Miami<\/p>\n\n\n\n<a class=\"gb-button gb-button-b162ef67 embedPdf\" href=\"https:\/\/miamilendingadvisors.com\/es\/wp-content\/uploads\/2024\/07\/Case-Study-Bank-Statement.pdf\" target=\"_blank\" rel=\"noopener noreferrer\"><span class=\"gb-button-text\"><font style=\"vertical-align: inherit\"><font style=\"vertical-align: inherit\">Aprende m\u00e1s<\/font><\/font> <\/span><span class=\"gb-icon\"><\/span><\/a>\n\n<\/div>\n\n<div class=\"gb-container gb-container-e32323ba\">\n\n<figure class=\"gb-block-image gb-block-image-be30d183\"><img loading=\"lazy\" decoding=\"async\" width=\"291\" height=\"194\" class=\"gb-image gb-image-be30d183\" src=\"https:\/\/miamilendingadvisors.com\/es\/wp-content\/uploads\/2024\/07\/CASO-DE-ESTUDIO-apto-renta-larga.png\" alt=\"\" title=\"CASO DE ESTUDIO apto - renta larga\"\/><\/figure>\n\n\n\n<h3 class=\"gb-headline gb-headline-0d2f6007 gb-headline-text\">apartamento<br>renta larga<br>$ 595,000 <\/h3>\n\n\n\n<p class=\"gb-headline gb-headline-6b2cfc4d gb-headline-text\">Caso de Estudio de pr\u00e9stamo hipotecario para apartamento de renta larga en Brickell <\/p>\n\n\n\n<a class=\"gb-button gb-button-b4818aa3\" href=\"https:\/\/miamilendingadvisors.com\/es\/wp-content\/uploads\/2024\/07\/Case-Study-Construction-Bridge.pdf\" target=\"_blank\" rel=\"noopener noreferrer\"><span class=\"gb-button-text\">Learn more<\/span><span class=\"gb-icon\"><\/span><\/a>\n\n<\/div>\n\n<div class=\"gb-container gb-container-dde86b73\">\n\n<figure class=\"gb-block-image gb-block-image-d624a3f5\"><img loading=\"lazy\" decoding=\"async\" width=\"291\" height=\"194\" class=\"gb-image gb-image-d624a3f5\" src=\"https:\/\/miamilendingadvisors.com\/es\/wp-content\/uploads\/2024\/07\/case-studies-commercial-multifamily.webp\" alt=\"\" title=\"Case Studies Commercial Multifamily\"\/><\/figure>\n\n\n\n<h3 class=\"gb-headline gb-headline-f899d01d gb-headline-text\"><font style=\"vertical-align: inherit\"><font style=\"vertical-align: inherit\">Financiamiento comercial multifamiliar<\/font><\/font> <\/h3>\n\n\n\n<p class=\"gb-headline gb-headline-10bd343d gb-headline-text\"><font style=\"vertical-align: inherit\"><font style=\"vertical-align: inherit\">Encuentra la soluci\u00f3n financiera perfecta para tu propiedad multifamiliar en Miami. ????????<\/font><\/font> <\/p>\n\n\n\n<a class=\"gb-button gb-button-70c3ab2f\" href=\"https:\/\/miamilendingadvisors.com\/es\/wp-content\/uploads\/2024\/07\/Case-Study-Commercial-Multifamily-Financing.pdf\" target=\"_blank\" rel=\"noopener noreferrer\"><span class=\"gb-button-text\"><font style=\"vertical-align: inherit\"><font style=\"vertical-align: inherit\">Aprende m\u00e1s<\/font><\/font> <\/span><span class=\"gb-icon\"><\/span><\/a>\n\n<\/div>\n<\/div>","protected":false},"excerpt":{"rendered":"<p>Casos de Estudio Profundice en nuestros casos de estudio Nos hemos adentrado en el mundo de las soluciones hipotecarias alternativas y hemos elaborado estudios de casos que son tan ilustrativos como pr\u00e1cticos. Est\u00e1n repletos de situaciones reales, opiniones de expertos y conocimientos pr\u00e1cticos para ayudar a los agentes inmobiliarios, inversores y compradores a navegar por &#8230; <a title=\"Casos de Estudio sobre pr\u00e9stamos Hipotecarios en Florida\" class=\"read-more\" href=\"https:\/\/miamilendingadvisors.com\/es\/casos-estudio-sobre-prestamos-hipotecarios-florida\/\" aria-label=\"Read more about Casos de Estudio sobre pr\u00e9stamos Hipotecarios en Florida\">Read more<\/a><\/p>\n","protected":false},"author":6,"featured_media":4546,"parent":0,"menu_order":0,"comment_status":"closed","ping_status":"closed","template":"","meta":{"footnotes":""},"class_list":["post-4498","page","type-page","status-publish","has-post-thumbnail"],"_links":{"self":[{"href":"https:\/\/miamilendingadvisors.com\/es\/wp-json\/wp\/v2\/pages\/4498","targetHints":{"allow":["GET"]}}],"collection":[{"href":"https:\/\/miamilendingadvisors.com\/es\/wp-json\/wp\/v2\/pages"}],"about":[{"href":"https:\/\/miamilendingadvisors.com\/es\/wp-json\/wp\/v2\/types\/page"}],"author":[{"embeddable":true,"href":"https:\/\/miamilendingadvisors.com\/es\/wp-json\/wp\/v2\/users\/6"}],"replies":[{"embeddable":true,"href":"https:\/\/miamilendingadvisors.com\/es\/wp-json\/wp\/v2\/comments?post=4498"}],"version-history":[{"count":52,"href":"https:\/\/miamilendingadvisors.com\/es\/wp-json\/wp\/v2\/pages\/4498\/revisions"}],"predecessor-version":[{"id":5791,"href":"https:\/\/miamilendingadvisors.com\/es\/wp-json\/wp\/v2\/pages\/4498\/revisions\/5791"}],"wp:featuredmedia":[{"embeddable":true,"href":"https:\/\/miamilendingadvisors.com\/es\/wp-json\/wp\/v2\/media\/4546"}],"wp:attachment":[{"href":"https:\/\/miamilendingadvisors.com\/es\/wp-json\/wp\/v2\/media?parent=4498"}],"curies":[{"name":"wp","href":"https:\/\/api.w.org\/{rel}","templated":true}]}}