{"id":4196,"date":"2024-06-22T23:44:30","date_gmt":"2024-06-22T23:44:30","guid":{"rendered":"https:\/\/miamilendingadvisors.com\/es\/?page_id=4196"},"modified":"2024-12-24T17:43:02","modified_gmt":"2024-12-24T22:43:02","slug":"terminos-condiciones","status":"publish","type":"page","link":"https:\/\/miamilendingadvisors.com\/es\/terminos-condiciones\/","title":{"rendered":"T\u00e9rminos y Condiciones"},"content":{"rendered":"\n<h2 class=\"wp-block-heading\">1. Introducci\u00f3n<\/h2>\n\n\n\n<p>Bienvenido a Miami Lending Advisors. Al acceder o utilizar nuestro sitio web en [URL de Miami Lending Advisors], usted acepta cumplir y estar sujeto a los siguientes t\u00e9rminos y condiciones. Si no acepta estos t\u00e9rminos, no utilice nuestro sitio web.<\/p>\n\n\n\n<h2 class=\"wp-block-heading\">2. Definiciones<\/h2>\n\n\n\n<ul class=\"wp-block-list\">\n<li>\u201cSitio web\u201d se refiere al sitio web operado por Miami Lending Advisors.<\/li>\n\n\n\n<li>\u201cNosotros\u201d, \u201cNos\u201d y \u201cNuestro\u201d se refieren a Miami Lending Advisors.<\/li>\n\n\n\n<li>\u201cUsuario\u201d o \u201cUsted\u201d se refiere a la persona que accede y utiliza el sitio web.<\/li>\n\n\n\n<li>\u201cContenido\u201d incluye, entre otros, texto, im\u00e1genes, audio y otros elementos multimedia proporcionados a trav\u00e9s de nuestro sitio web.<\/li>\n<\/ul>\n\n\n\n<h2 class=\"wp-block-heading\">3. Uso del sitio web<\/h2>\n\n\n\n<h3 class=\"wp-block-heading\">3.1 Elegibilidad&nbsp;&nbsp;<\/h3>\n\n\n\n<p>Debes tener al menos 18 a\u00f1os para utilizar nuestro sitio web. Al utilizar nuestro sitio web, declaras y garantizas que tienes al menos 18 a\u00f1os de edad.<\/p>\n\n\n\n<h3 class=\"wp-block-heading\">3.2 Licencia&nbsp;&nbsp;<\/h3>\n\n\n\n<p>Le otorgamos una licencia no exclusiva, intransferible y revocable para acceder y utilizar nuestro sitio web para fines personales y no comerciales de acuerdo con estos t\u00e9rminos y condiciones.<\/p>\n\n\n\n<h3 class=\"wp-block-heading\">3.3 Actividades prohibidas&nbsp;&nbsp;<\/h3>\n\n\n\n<p>Usted acepta no participar en ninguna de las siguientes actividades:<\/p>\n\n\n\n<ul class=\"wp-block-list\">\n<li>Violar cualquier ley o normativa aplicable.<\/li>\n\n\n\n<li>Transmitir cualquier material que sea ilegal, da\u00f1ino o que infrinja los derechos de terceros.<\/li>\n\n\n\n<li>Intentar obtener acceso no autorizado a cualquier parte del sitio web.<\/li>\n\n\n\n<li>Participar en cualquier actividad que interrumpa el sitio web o los servidores y redes conectados a \u00e9l.<\/li>\n<\/ul>\n\n\n\n<h2 class=\"wp-block-heading\">4. Derechos de propiedad intelectual<\/h2>\n\n\n\n<h3 class=\"wp-block-heading\">4.1 Propiedad&nbsp;&nbsp;<\/h3>\n\n\n\n<p>Todo el contenido, las marcas comerciales, los logotipos y dem\u00e1s propiedad intelectual de nuestro sitio web son propiedad de Miami Lending Advisors o est\u00e1n autorizados a utilizarlos. No se le otorga ning\u00fan derecho a utilizar ninguno de estos sin nuestro consentimiento previo por escrito.<\/p>\n\n\n\n<h3 class=\"wp-block-heading\">4.2 Uso limitado&nbsp;&nbsp;<\/h3>\n\n\n\n<p>Puede descargar, ver e imprimir material del sitio web \u00fanicamente para uso personal y no comercial, siempre que no modifique el contenido y conserve todos los avisos de derechos de autor y otros avisos de propiedad.<\/p>\n\n\n\n<h2 class=\"wp-block-heading\">5. Pol\u00edtica de privacidad<\/h2>\n\n\n\n<p>Su privacidad es importante para nosotros. Revise nuestra [Pol\u00edtica de privacidad]([insertar enlace a la pol\u00edtica de privacidad]) para comprender c\u00f3mo recopilamos, usamos y protegemos su informaci\u00f3n.<\/p>\n\n\n\n<h2 class=\"wp-block-heading\">6. Enlaces de terceros<\/h2>\n\n\n\n<p>Nuestro sitio web puede contener enlaces a sitios web de terceros. Estos enlaces se proporcionan para su conveniencia y no significan que avalemos dichos sitios web. No tenemos control sobre el contenido de estos sitios web y no aceptamos ninguna responsabilidad por ellos ni por ninguna p\u00e9rdida o da\u00f1o que pueda surgir de su uso.<\/p>\n\n\n\n<h2 class=\"wp-block-heading\">7. Renuncias y limitaci\u00f3n de responsabilidad<\/h2>\n\n\n\n<h3 class=\"wp-block-heading\">7.1 Sin garant\u00eda&nbsp;&nbsp;<\/h3>\n\n\n\n<p>El sitio web se ofrece \u201ctal como est\u00e1\u201d y \u201cseg\u00fan disponibilidad\u201d sin garant\u00edas de ning\u00fan tipo, expresas o impl\u00edcitas. No garantizamos la exactitud, integridad o actualidad del contenido.<\/p>\n\n\n\n<h3 class=\"wp-block-heading\">7.2 Limitaci\u00f3n de responsabilidad&nbsp;&nbsp;<\/h3>\n\n\n\n<p>En la m\u00e1xima medida permitida por la ley, Miami Lending Advisors no ser\u00e1 responsable de ning\u00fan da\u00f1o directo, indirecto, incidental, consecuente o punitivo que surja de o est\u00e9 relacionado con su uso del sitio web.<\/p>\n\n\n\n<h2 class=\"wp-block-heading\">8. Cambios a estos T\u00e9rminos<\/h2>\n\n\n\n<p>Es posible que actualicemos estos t\u00e9rminos y condiciones de vez en cuando. Cualquier cambio entrar\u00e1 en vigencia inmediatamente despu\u00e9s de la publicaci\u00f3n de los t\u00e9rminos revisados \u200b\u200ben el sitio web. Su uso continuo del sitio web despu\u00e9s de la publicaci\u00f3n de los cambios constituye su aceptaci\u00f3n de dichos cambios.<\/p>\n\n\n\n<h2 class=\"wp-block-heading\">9. Ley aplicable<\/h2>\n\n\n\n<p>Estos t\u00e9rminos y condiciones se rigen por las leyes del estado de Florida y se interpretan de conformidad con ellas. Cualquier disputa que surja en virtud de estos t\u00e9rminos estar\u00e1 sujeta a la jurisdicci\u00f3n exclusiva de los tribunales del condado de Miami-Dade, Florida.<\/p>\n\n\n\n<h2 class=\"wp-block-heading\">10. Cont\u00e1ctenos<\/h2>\n\n\n\n<p>Si tiene alguna pregunta sobre estos t\u00e9rminos y condiciones, comun\u00edquese con nosotros a:<\/p>\n\n\n\n<p>Asesores de pr\u00e9stamos en Miami&nbsp;&nbsp;<\/p>\n\n\n\n<p><a href=\"mailto:\" data-type=\"mailto\" data-id=\"mailto:\">:<\/a>Correo electr\u00f3nico:\u00a0<a href=\"info@miamilendingadvisors.com\" data-type=\"link\" data-id=\"info@miamilendingadvisors.com\">info@miamilendingadvisors.com<\/a><\/p>\n\n\n\n<p>DIRECCI\u00d3N:<\/p>\n\n\n\n<p>2125 Bulevar Biscayne<\/p>\n\n\n\n<p>Suite 347<\/p>\n\n\n\n<p>Miami, Florida 33137<\/p>\n\n\n\n<p>Tel\u00e9fono:&nbsp;<\/p>\n\n\n\n<p>(305) 630-8473<\/p>\n\n\n\n<p>(786) 655-6270<\/p>\n","protected":false},"excerpt":{"rendered":"<p>1. Introducci\u00f3n Bienvenido a Miami Lending Advisors. Al acceder o utilizar nuestro sitio web en [URL de Miami Lending Advisors], usted acepta cumplir y estar sujeto a los siguientes t\u00e9rminos y condiciones. Si no acepta estos t\u00e9rminos, no utilice nuestro sitio web. 2. Definiciones 3. Uso del sitio web 3.1 Elegibilidad&nbsp;&nbsp; Debes tener al menos &#8230; <a title=\"T\u00e9rminos y Condiciones\" class=\"read-more\" href=\"https:\/\/miamilendingadvisors.com\/es\/terminos-condiciones\/\" aria-label=\"Read more about T\u00e9rminos y Condiciones\">Read more<\/a><\/p>\n","protected":false},"author":6,"featured_media":0,"parent":0,"menu_order":0,"comment_status":"closed","ping_status":"closed","template":"","meta":{"footnotes":""},"class_list":["post-4196","page","type-page","status-publish"],"_hostinger_reach_plugin_has_subscription_block":false,"_hostinger_reach_plugin_is_elementor":false,"_links":{"self":[{"href":"https:\/\/miamilendingadvisors.com\/es\/wp-json\/wp\/v2\/pages\/4196","targetHints":{"allow":["GET"]}}],"collection":[{"href":"https:\/\/miamilendingadvisors.com\/es\/wp-json\/wp\/v2\/pages"}],"about":[{"href":"https:\/\/miamilendingadvisors.com\/es\/wp-json\/wp\/v2\/types\/page"}],"author":[{"embeddable":true,"href":"https:\/\/miamilendingadvisors.com\/es\/wp-json\/wp\/v2\/users\/6"}],"replies":[{"embeddable":true,"href":"https:\/\/miamilendingadvisors.com\/es\/wp-json\/wp\/v2\/comments?post=4196"}],"version-history":[{"count":3,"href":"https:\/\/miamilendingadvisors.com\/es\/wp-json\/wp\/v2\/pages\/4196\/revisions"}],"predecessor-version":[{"id":5052,"href":"https:\/\/miamilendingadvisors.com\/es\/wp-json\/wp\/v2\/pages\/4196\/revisions\/5052"}],"wp:attachment":[{"href":"https:\/\/miamilendingadvisors.com\/es\/wp-json\/wp\/v2\/media?parent=4196"}],"curies":[{"name":"wp","href":"https:\/\/api.w.org\/{rel}","templated":true}]}}