{"id":4188,"date":"2024-06-22T23:32:31","date_gmt":"2024-06-22T23:32:31","guid":{"rendered":"https:\/\/miamilendingadvisors.com\/es\/?page_id=4188"},"modified":"2024-07-17T11:10:39","modified_gmt":"2024-07-17T16:10:39","slug":"consentimiento-de-tcpa-privacidad-texto-sms","status":"publish","type":"page","link":"https:\/\/miamilendingadvisors.com\/es\/consentimiento-de-tcpa-privacidad-texto-sms\/","title":{"rendered":"Consentimiento de TCPA, privacidad y consentimiento para mensajes de texto y SMS"},"content":{"rendered":"\n<h2 class=\"wp-block-heading\"><font style=\"vertical-align: inherit;\"><font style=\"vertical-align: inherit;\">1. Introducci\u00f3n<\/font><\/font> <\/h2>\n\n\n\n<p><font style=\"vertical-align: inherit;\"><font style=\"vertical-align: inherit;\">Bienvenido a Miami Lending Advisors. Al acceder o utilizar nuestro sitio web en [URL de Miami Lending Advisors], usted acepta cumplir y estar sujeto a los siguientes t\u00e9rminos y condiciones. Si no acepta estos t\u00e9rminos, no utilice nuestro sitio web.<\/font><\/font> <\/p>\n\n\n\n<h2 class=\"wp-block-heading\"><font style=\"vertical-align: inherit;\"><font style=\"vertical-align: inherit;\">2. Definiciones<\/font><\/font> <\/h2>\n\n\n\n<ul class=\"wp-block-list\">\n<li><font style=\"vertical-align: inherit;\"><font style=\"vertical-align: inherit;\">&#8220;Sitio web&#8221; se refiere al sitio web operado por Miami Lending Advisors.<\/font><\/font> <\/li>\n\n\n\n<li><font style=\"vertical-align: inherit;\"><font style=\"vertical-align: inherit;\">&#8220;Nosotros&#8221;, &#8220;Nos&#8221; y &#8220;Nuestro&#8221; se refieren a Miami Lending Advisors.<\/font><\/font> <\/li>\n\n\n\n<li><font style=\"vertical-align: inherit;\"><font style=\"vertical-align: inherit;\">\u201cUsuario\u201d o \u201cUsted\u201d se refiere a la persona que accede y utiliza el sitio web.<\/font><\/font> <\/li>\n\n\n\n<li><font style=\"vertical-align: inherit;\"><font style=\"vertical-align: inherit;\">&#8220;Contenido&#8221; incluye, entre otros, texto, im\u00e1genes, audio y otros elementos multimedia proporcionados a trav\u00e9s de nuestro sitio web.<\/font><\/font> <\/li>\n<\/ul>\n\n\n\n<h2 class=\"wp-block-heading\"><font style=\"vertical-align: inherit;\"><font style=\"vertical-align: inherit;\">3. Consentimiento para recibir comunicaciones<\/font><\/font> <\/h2>\n\n\n\n<h3 class=\"wp-block-heading\"><font style=\"vertical-align: inherit;\"><font style=\"vertical-align: inherit;\">3.1 Consentimiento de la Ley de Protecci\u00f3n al Consumidor Telef\u00f3nico  (TCPA)\u00a0\u00a0<\/font><\/font><\/h3>\n\n\n\n<p><font style=\"vertical-align: inherit;\"><font style=\"vertical-align: inherit;\">Al proporcionar su informaci\u00f3n de contacto, incluido su n\u00famero de tel\u00e9fono, usted acepta recibir comunicaciones, incluidas llamadas telef\u00f3nicas y mensajes de texto, de Miami Lending Advisors y sus afiliados. Estas comunicaciones pueden realizarse mediante un sistema de marcado autom\u00e1tico o un mensaje de voz pregrabado. Usted comprende que su consentimiento no es una condici\u00f3n para comprar ning\u00fan producto o servicio de nosotros.<\/font><\/font> <\/p>\n\n\n\n<h3 class=\"wp-block-heading\"><font style=\"vertical-align: inherit;\"><font style=\"vertical-align: inherit;\">3.2 Exclusi\u00f3n voluntaria\u00a0\u00a0<\/font><\/font> <\/h3>\n\n\n\n<p><font style=\"vertical-align: inherit;\"><font style=\"vertical-align: inherit;\">Puede optar por no recibir comunicaciones nuestras en cualquier momento siguiendo las instrucciones proporcionadas en la comunicaci\u00f3n o comunic\u00e1ndose con nosotros directamente.<\/font><\/font> <\/p>\n\n\n\n<h2 class=\"wp-block-heading\"><font style=\"vertical-align: inherit;\"><font style=\"vertical-align: inherit;\">4. Uso del sitio web<\/font><\/font> <\/h2>\n\n\n\n<h3 class=\"wp-block-heading\"><font style=\"vertical-align: inherit;\"><font style=\"vertical-align: inherit;\">4.1 Elegibilidad\u00a0\u00a0<\/font><\/font> <\/h3>\n\n\n\n<p><font style=\"vertical-align: inherit;\"><font style=\"vertical-align: inherit;\">Debes tener al menos 18 a\u00f1os para utilizar nuestro sitio web. Al utilizar nuestro sitio web, declaras y garantizas que tienes al menos 18 a\u00f1os de edad.<\/font><\/font> <\/p>\n\n\n\n<h3 class=\"wp-block-heading\"><font style=\"vertical-align: inherit;\"><font style=\"vertical-align: inherit;\">4.2 Licencia\u00a0\u00a0<\/font><\/font> <\/h3>\n\n\n\n<p>We grant you a non-exclusive, non-transferable, revocable license to access and use our website for personal, non-commercial purposes in accordance with these terms and conditions.<\/p>\n\n\n\n<h3 class=\"wp-block-heading\">4.3 Prohibited Activities&nbsp;&nbsp;<\/h3>\n\n\n\n<p>You agree not to engage in any of the following activities:<\/p>\n\n\n\n<ul class=\"wp-block-list\">\n<li>Violating any applicable laws or regulations.<\/li>\n\n\n\n<li>Transmitting any material that is unlawful, harmful, or infringing on others&#8217; rights.<\/li>\n\n\n\n<li>Attempting to gain unauthorized access to any portion of the website.<\/li>\n\n\n\n<li>Engaging in any activity that disrupts the website or the servers and networks connected to it.<\/li>\n<\/ul>\n\n\n\n<h2 class=\"wp-block-heading\"><font style=\"vertical-align: inherit;\"><font style=\"vertical-align: inherit;\">5. Derechos de propiedad intelectual<\/font><\/font> <\/h2>\n\n\n\n<h3 class=\"wp-block-heading\"><font style=\"vertical-align: inherit;\"><font style=\"vertical-align: inherit;\">5.1 Propiedad\u00a0 \u00a0<\/font><\/font><\/h3>\n\n\n\n<p><font style=\"vertical-align: inherit;\"><font style=\"vertical-align: inherit;\">Todo el contenido, las marcas comerciales, los logotipos y dem\u00e1s propiedad intelectual de nuestro sitio web son propiedad de Miami Lending Advisors o est\u00e1n autorizados a utilizarlos. No se le otorga ning\u00fan derecho a utilizar ninguno de estos sin nuestro consentimiento previo por escrito.<\/font><\/font> <\/p>\n\n\n\n<h3 class=\"wp-block-heading\"><font style=\"vertical-align: inherit;\"><font style=\"vertical-align: inherit;\">5.2 Uso limitado\u00a0\u00a0<\/font><\/font> <\/h3>\n\n\n\n<p><font style=\"vertical-align: inherit;\"><font style=\"vertical-align: inherit;\">Puede descargar, ver e imprimir material del sitio web \u00fanicamente para uso personal y no comercial, siempre que no modifique el contenido y conserve todos los avisos de derechos de autor y otros avisos de propiedad.<\/font><\/font> <\/p>\n\n\n\n<h2 class=\"wp-block-heading\"><font style=\"vertical-align: inherit;\"><font style=\"vertical-align: inherit;\">6. Pol\u00edtica de privacidad<\/font><\/font> <\/h2>\n\n\n\n<p><font style=\"vertical-align: inherit;\"><font style=\"vertical-align: inherit;\">Su privacidad es importante para nosotros. Revise nuestra Pol\u00edtica de privacidad ([insertar enlace a la pol\u00edtica de privacidad]) para comprender c\u00f3mo recopilamos, usamos y protegemos su informaci\u00f3n.<\/font><\/font> <\/p>\n\n\n\n<h2 class=\"wp-block-heading\"><font style=\"vertical-align: inherit;\"><font style=\"vertical-align: inherit;\">7. Enlaces de terceros<\/font><\/font> <\/h2>\n\n\n\n<p><font style=\"vertical-align: inherit;\"><font style=\"vertical-align: inherit;\">Nuestro sitio web puede contener enlaces a sitios web de terceros. Estos enlaces se proporcionan para su conveniencia y no significan que avalemos dichos sitios web. No tenemos control sobre el contenido de estos sitios web y no aceptamos ninguna responsabilidad por ellos ni por ninguna p\u00e9rdida o da\u00f1o que pueda surgir de su uso.<\/font><\/font> <\/p>\n\n\n\n<h2 class=\"wp-block-heading\"><font style=\"vertical-align: inherit;\"><font style=\"vertical-align: inherit;\">8. Renuncias y limitaci\u00f3n de responsabilidad<\/font><\/font> <\/h2>\n\n\n\n<h3 class=\"wp-block-heading\"><font style=\"vertical-align: inherit;\"><font style=\"vertical-align: inherit;\">8.1 Sin garant\u00eda\u00a0\u00a0<\/font><\/font> <\/h3>\n\n\n\n<p><font style=\"vertical-align: inherit;\"><font style=\"vertical-align: inherit;\">El sitio web se ofrece &#8220;tal como est\u00e1&#8221; y &#8220;seg\u00fan disponibilidad&#8221; sin garant\u00edas de ning\u00fan tipo, expresas o impl\u00edcitas. No garantizamos la exactitud, integridad o actualidad del contenido.<\/font><\/font> <\/p>\n\n\n\n<h3 class=\"wp-block-heading\"><font style=\"vertical-align: inherit;\"><font style=\"vertical-align: inherit;\">8.2 Limitaci\u00f3n de responsabilidad\u00a0\u00a0<\/font><\/font> <\/h3>\n\n\n\n<p><font style=\"vertical-align: inherit;\"><font style=\"vertical-align: inherit;\">En la m\u00e1xima medida permitida por la ley, Miami Lending Advisors no ser\u00e1 responsable de ning\u00fan da\u00f1o directo, indirecto, incidental, consecuente o punitivo que surja de o est\u00e9 relacionado con su uso del sitio web.<\/font><\/font> <\/p>\n\n\n\n<h2 class=\"wp-block-heading\"><font style=\"vertical-align: inherit;\"><font style=\"vertical-align: inherit;\">9. Cambios a estos T\u00e9rminos<\/font><\/font> <\/h2>\n\n\n\n<p><font style=\"vertical-align: inherit;\"><font style=\"vertical-align: inherit;\">Es posible que actualicemos estos t\u00e9rminos y condiciones de vez en cuando. Cualquier cambio entrar\u00e1 en vigencia inmediatamente despu\u00e9s de la publicaci\u00f3n de los t\u00e9rminos revisados \u200b\u200ben el sitio web. Su uso continuo del sitio web despu\u00e9s de la publicaci\u00f3n de los cambios constituye su aceptaci\u00f3n de dichos cambios.<\/font><\/font> <\/p>\n\n\n\n<h2 class=\"wp-block-heading\"><font style=\"vertical-align: inherit;\"><font style=\"vertical-align: inherit;\">10. Ley aplicable<\/font><\/font> <\/h2>\n\n\n\n<p><font style=\"vertical-align: inherit;\"><font style=\"vertical-align: inherit;\">Estos t\u00e9rminos y condiciones se rigen por las leyes del estado de Florida y se interpretan de conformidad con ellas. Cualquier disputa que surja en virtud de estos t\u00e9rminos estar\u00e1 sujeta a la jurisdicci\u00f3n exclusiva de los tribunales del condado de Miami-Dade, Florida.<\/font><\/font> <\/p>\n\n\n\n<h2 class=\"wp-block-heading\"><font style=\"vertical-align: inherit;\"><font style=\"vertical-align: inherit;\">11. Cont\u00e1ctenos<\/font><\/font> <\/h2>\n\n\n\n<p><font style=\"vertical-align: inherit;\"><font style=\"vertical-align: inherit;\">Si tiene alguna pregunta sobre estos t\u00e9rminos y condiciones, comun\u00edquese con nosotros a:<\/font><\/font> <\/p>\n\n\n\n<p><font style=\"vertical-align: inherit;\"><font style=\"vertical-align: inherit;\">Asesores de pr\u00e9stamos en Miami\u00a0 \u00a0<\/font><\/font><\/p>\n\n\n\n<p><font style=\"vertical-align: inherit;\"><font style=\"vertical-align: inherit;\">Correo electr\u00f3nico: <\/font><\/font><a href=\"mailto:info@miamilendingadvisors.com\"><font style=\"vertical-align: inherit;\"><font style=\"vertical-align: inherit;\">info@miamilendingadvisors.com<\/font><\/font><\/a> <\/p>\n\n\n\n<p><font style=\"vertical-align: inherit;\"><font style=\"vertical-align: inherit;\">DIRECCI\u00d3N:<\/font><\/font> <\/p>\n\n\n\n<p><font style=\"vertical-align: inherit;\"><font style=\"vertical-align: inherit;\">2125 Bulevar Biscayne<\/font><\/font> <\/p>\n\n\n\n<p>Suite 347 <\/p>\n\n\n\n<p><font style=\"vertical-align: inherit;\"><font style=\"vertical-align: inherit;\">Miami, Florida 33137<\/font><\/font> <\/p>\n\n\n\n<p><font style=\"vertical-align: inherit;\"><font style=\"vertical-align: inherit;\">Tel\u00e9fono:\u00a0<\/font><\/font> <\/p>\n\n\n\n<p>(305) 630-8473 <\/p>\n\n\n\n<p>(786) 655-6270 <\/p>\n\n\n\n<p><\/p>\n","protected":false},"excerpt":{"rendered":"<p>1. Introducci\u00f3n Bienvenido a Miami Lending Advisors. Al acceder o utilizar nuestro sitio web en [URL de Miami Lending Advisors], usted acepta cumplir y estar sujeto a los siguientes t\u00e9rminos y condiciones. Si no acepta estos t\u00e9rminos, no utilice nuestro sitio web. 2. Definiciones 3. Consentimiento para recibir comunicaciones 3.1 Consentimiento de la Ley de &#8230; <a title=\"Consentimiento de TCPA, privacidad y consentimiento para mensajes de texto y SMS\" class=\"read-more\" href=\"https:\/\/miamilendingadvisors.com\/es\/consentimiento-de-tcpa-privacidad-texto-sms\/\" aria-label=\"Read more about Consentimiento de TCPA, privacidad y consentimiento para mensajes de texto y SMS\">Read more<\/a><\/p>\n","protected":false},"author":6,"featured_media":0,"parent":0,"menu_order":0,"comment_status":"closed","ping_status":"closed","template":"","meta":{"footnotes":""},"class_list":["post-4188","page","type-page","status-publish"],"_hostinger_reach_plugin_has_subscription_block":false,"_hostinger_reach_plugin_is_elementor":false,"_links":{"self":[{"href":"https:\/\/miamilendingadvisors.com\/es\/wp-json\/wp\/v2\/pages\/4188","targetHints":{"allow":["GET"]}}],"collection":[{"href":"https:\/\/miamilendingadvisors.com\/es\/wp-json\/wp\/v2\/pages"}],"about":[{"href":"https:\/\/miamilendingadvisors.com\/es\/wp-json\/wp\/v2\/types\/page"}],"author":[{"embeddable":true,"href":"https:\/\/miamilendingadvisors.com\/es\/wp-json\/wp\/v2\/users\/6"}],"replies":[{"embeddable":true,"href":"https:\/\/miamilendingadvisors.com\/es\/wp-json\/wp\/v2\/comments?post=4188"}],"version-history":[{"count":4,"href":"https:\/\/miamilendingadvisors.com\/es\/wp-json\/wp\/v2\/pages\/4188\/revisions"}],"predecessor-version":[{"id":5115,"href":"https:\/\/miamilendingadvisors.com\/es\/wp-json\/wp\/v2\/pages\/4188\/revisions\/5115"}],"wp:attachment":[{"href":"https:\/\/miamilendingadvisors.com\/es\/wp-json\/wp\/v2\/media?parent=4188"}],"curies":[{"name":"wp","href":"https:\/\/api.w.org\/{rel}","templated":true}]}}