{"id":4124,"date":"2024-06-21T19:59:38","date_gmt":"2024-06-21T19:59:38","guid":{"rendered":"https:\/\/miamilendingadvisors.com\/es\/?page_id=4124"},"modified":"2024-12-24T17:33:47","modified_gmt":"2024-12-24T22:33:47","slug":"declaracion-de-accesibilidad-ada","status":"publish","type":"page","link":"https:\/\/miamilendingadvisors.com\/es\/declaracion-de-accesibilidad-ada\/","title":{"rendered":"Declaraci\u00f3n de accesibilidad ADA"},"content":{"rendered":"\n<p>Miami Lending Advisors se compromete a proporcionar un sitio web que sea accesible a todos sus clientes y que cumpla con las directrices de accesibilidad. Estamos continuamente haciendo mejoras para cumplir con estas directrices, y nuestro sitio web ha sido dise\u00f1ado teniendo en cuenta la accesibilidad.<\/p>\n\n\n\n<p>Si necesita ayuda o tiene preguntas o comentarios espec\u00edficos sobre la accesibilidad de este sitio, p\u00f3ngase en contacto con nosotros por correo electr\u00f3nico en info@miamilendingadvisors.com.<\/p>\n\n\n\n<p>Si ha encontrado un \u00e1rea inaccesible en el sitio, ayude a nuestro equipo inform\u00e1ndonos del problema por correo electr\u00f3nico a info@miamilendingadvisors.com.<\/p>\n\n\n\n<p>En caso de que una p\u00e1gina no pueda hacerse accesible, trabajaremos con usted para poner a su disposici\u00f3n una versi\u00f3n de texto del contenido.<\/p>\n\n\n\n<p><\/p>\n","protected":false},"excerpt":{"rendered":"<p>Miami Lending Advisors se compromete a proporcionar un sitio web que sea accesible a todos sus clientes y que cumpla con las directrices de accesibilidad. Estamos continuamente haciendo mejoras para cumplir con estas directrices, y nuestro sitio web ha sido dise\u00f1ado teniendo en cuenta la accesibilidad. Si necesita ayuda o tiene preguntas o comentarios espec\u00edficos &#8230; <a title=\"Declaraci\u00f3n de accesibilidad ADA\" class=\"read-more\" href=\"https:\/\/miamilendingadvisors.com\/es\/declaracion-de-accesibilidad-ada\/\" aria-label=\"Read more about Declaraci\u00f3n de accesibilidad ADA\">Read more<\/a><\/p>\n","protected":false},"author":6,"featured_media":0,"parent":0,"menu_order":0,"comment_status":"closed","ping_status":"closed","template":"","meta":{"footnotes":""},"class_list":["post-4124","page","type-page","status-publish"],"_hostinger_reach_plugin_has_subscription_block":false,"_hostinger_reach_plugin_is_elementor":false,"_links":{"self":[{"href":"https:\/\/miamilendingadvisors.com\/es\/wp-json\/wp\/v2\/pages\/4124","targetHints":{"allow":["GET"]}}],"collection":[{"href":"https:\/\/miamilendingadvisors.com\/es\/wp-json\/wp\/v2\/pages"}],"about":[{"href":"https:\/\/miamilendingadvisors.com\/es\/wp-json\/wp\/v2\/types\/page"}],"author":[{"embeddable":true,"href":"https:\/\/miamilendingadvisors.com\/es\/wp-json\/wp\/v2\/users\/6"}],"replies":[{"embeddable":true,"href":"https:\/\/miamilendingadvisors.com\/es\/wp-json\/wp\/v2\/comments?post=4124"}],"version-history":[{"count":3,"href":"https:\/\/miamilendingadvisors.com\/es\/wp-json\/wp\/v2\/pages\/4124\/revisions"}],"predecessor-version":[{"id":5341,"href":"https:\/\/miamilendingadvisors.com\/es\/wp-json\/wp\/v2\/pages\/4124\/revisions\/5341"}],"wp:attachment":[{"href":"https:\/\/miamilendingadvisors.com\/es\/wp-json\/wp\/v2\/media?parent=4124"}],"curies":[{"name":"wp","href":"https:\/\/api.w.org\/{rel}","templated":true}]}}