{"id":39,"date":"2021-07-18T02:05:29","date_gmt":"2021-07-18T01:05:29","guid":{"rendered":"https:\/\/capital.wordifysites.com\/?page_id=39"},"modified":"2026-04-15T16:57:20","modified_gmt":"2026-04-15T20:57:20","slug":"quienes-somos","status":"publish","type":"page","link":"https:\/\/miamilendingadvisors.com\/es\/quienes-somos\/","title":{"rendered":"QUI\u00c9NES SOMOS"},"content":{"rendered":"<section class=\"gb-container gb-container-3e520487\">\n<div class=\"gb-container gb-container-5881831a\">\n<div class=\"gb-container gb-container-589a72f3\">\n<div class=\"gb-container gb-container-290655dc\">\n\n<figure class=\"gb-block-image gb-block-image-9ad0fdbf\"><img fetchpriority=\"high\" decoding=\"async\" width=\"300\" height=\"200\" class=\"gb-image gb-image-9ad0fdbf\" src=\"https:\/\/miamilendingadvisors.com\/es\/wp-content\/uploads\/2024\/05\/mortgage-application-process-300x200.webp\" alt=\"\" title=\"mortgage-application-process\" srcset=\"https:\/\/miamilendingadvisors.com\/es\/wp-content\/uploads\/2024\/05\/mortgage-application-process-300x200.webp 300w, https:\/\/miamilendingadvisors.com\/es\/wp-content\/uploads\/2024\/05\/mortgage-application-process-600x400.webp 600w, https:\/\/miamilendingadvisors.com\/es\/wp-content\/uploads\/2024\/05\/mortgage-application-process.webp 620w\" sizes=\"(max-width: 300px) 100vw, 300px\" \/><\/figure>\n\n<\/div>\n\n<div class=\"gb-container gb-container-954bf861\">\n\n<figure class=\"gb-block-image gb-block-image-7ce3f28b\"><img decoding=\"async\" width=\"1600\" height=\"1280\" class=\"gb-image gb-image-7ce3f28b\" src=\"https:\/\/miamilendingadvisors.com\/es\/wp-content\/uploads\/2026\/04\/WhatsApp-Image-2026-04-15-at-10.46.32-PM-1.jpeg\" alt=\"\" title=\"WhatsApp Image 2026-04-15 at 10.46.32 PM\" srcset=\"https:\/\/miamilendingadvisors.com\/es\/wp-content\/uploads\/2026\/04\/WhatsApp-Image-2026-04-15-at-10.46.32-PM-1.jpeg 1600w, https:\/\/miamilendingadvisors.com\/es\/wp-content\/uploads\/2026\/04\/WhatsApp-Image-2026-04-15-at-10.46.32-PM-1-300x240.jpeg 300w, https:\/\/miamilendingadvisors.com\/es\/wp-content\/uploads\/2026\/04\/WhatsApp-Image-2026-04-15-at-10.46.32-PM-1-1024x819.jpeg 1024w, https:\/\/miamilendingadvisors.com\/es\/wp-content\/uploads\/2026\/04\/WhatsApp-Image-2026-04-15-at-10.46.32-PM-1-768x614.jpeg 768w, https:\/\/miamilendingadvisors.com\/es\/wp-content\/uploads\/2026\/04\/WhatsApp-Image-2026-04-15-at-10.46.32-PM-1-1536x1229.jpeg 1536w, https:\/\/miamilendingadvisors.com\/es\/wp-content\/uploads\/2026\/04\/WhatsApp-Image-2026-04-15-at-10.46.32-PM-1-600x480.jpeg 600w\" sizes=\"(max-width: 1600px) 100vw, 1600px\" \/><\/figure>\n\n<\/div>\n<\/div>\n\n<div class=\"gb-container gb-container-509cefbf\">\n<div class=\"gb-container gb-container-1cb03e29\">\n\n<p class=\"gb-headline gb-headline-d34028c0 gb-headline-text\">25<\/p>\n\n\n\n<p class=\"gb-headline gb-headline-cfedf176 gb-headline-text\">Years Of Experience<\/p>\n\n<\/div>\n<\/div>\n<\/div>\n\n<div class=\"gb-container gb-container-a165696b\">\n\n<h2 class=\"gb-headline gb-headline-12c9d364 gb-headline-text\"><font style=\"vertical-align: inherit;\"><font style=\"vertical-align: inherit;\">Asesores de pr\u00e9stamos en Miami<\/font><\/font> <\/h2>\n\n\n\n<h2 class=\"gb-headline gb-headline-20f0af27 gb-headline-text\"><font style=\"vertical-align: inherit;\"><font style=\"vertical-align: inherit;\">Acerca de nosotros &#8211; Miami Lending Advisors LLC<\/font><\/font> <\/h2>\n\n\n\n<p><font style=\"vertical-align: inherit;\"><font style=\"vertical-align: inherit;\">Bienvenido a Miami Lending Advisors LLC, su principal compa\u00f1\u00eda hipotecaria con sede en la vibrante ciudad de Miami. Nos enorgullecemos de nuestra inigualable experiencia en la financiaci\u00f3n del mercado inmobiliario del sur de Florida. Nuestra misi\u00f3n es brindar un servicio personalizado y disponibilidad, garantizando que cada uno de nuestros clientes reciba la mejor experiencia hipotecaria posible. Con dominio del ingl\u00e9s y el espa\u00f1ol, atendemos sin esfuerzo a una clientela diversa.<\/font><\/font> <\/p>\n\n\n\n<p><em><font style=\"vertical-align: inherit;\"><font style=\"vertical-align: inherit;\">\u00bfInteresado en sus opciones de pr\u00e9stamo?<\/font><\/font><\/em>  <\/p>\n\n\n\n<a class=\"gb-button gb-button-f6138bb8 gb-button-text\" href=\"tel:1 9545484196\" target=\"_blank\" rel=\"nofollow noopener noreferrer\">Llamar ahora<\/a>\n\n\n\n<p><font style=\"vertical-align: inherit;\"><font style=\"vertical-align: inherit;\">Como empresa hipotecaria especializada en pr\u00e9stamos residenciales y comerciales para clientes nacionales e internacionales, poseemos un profundo conocimiento de los intrincados matices de este mercado. Desde la gesti\u00f3n de las complejidades de los seguros hasta la aprobaci\u00f3n de condominios y nuevos desarrollos no sujetos a garant\u00eda, pasando por el trato con asociaciones de propietarios y estructuras corporativas, tenemos la experiencia para guiar a nuestros clientes en cada paso del proceso.<\/font><\/font> <\/p>\n\n<\/div>\n<\/section>\n\n<section class=\"gb-container gb-container-9c323e47\">\n<div class=\"gb-container gb-container-3f76dc33\">\n\n<h2 class=\"gb-headline gb-headline-84d7d5eb gb-headline-text\"><font style=\"vertical-align: inherit;\"><font style=\"vertical-align: inherit;\">Por qu\u00e9 elegirnos<\/font><\/font> <\/h2>\n\n\n\n<h2 class=\"gb-headline gb-headline-7999f772\"><span class=\"gb-icon\"><svg xmlns=\"http:\/\/www.w3.org\/2000\/svg\" viewBox=\"0 0 36.7 3\"><path d=\"M0 0h36.7v3H0z\"><\/path><\/svg><\/span><span class=\"gb-headline-text\"><strong><font style=\"vertical-align: inherit;\"><font style=\"vertical-align: inherit;\">Tus especialistas en hipotecas boutique en Miami<\/font><\/font><\/strong> <\/span><\/h2>\n\n\n<div class=\"gb-container gb-container-6d10c4e9\">\n\n<h3 class=\"gb-headline gb-headline-c5e0aa13\"><span class=\"gb-icon\"><svg aria-hidden=\"true\" role=\"img\" height=\"1em\" width=\"1em\" viewBox=\"0 0 384 512\" xmlns=\"http:\/\/www.w3.org\/2000\/svg\"><path fill=\"currentColor\" d=\"M172.268 501.67C26.97 291.031 0 269.413 0 192 0 85.961 85.961 0 192 0s192 85.961 192 192c0 77.413-26.97 99.031-172.268 309.67-9.535 13.774-29.93 13.773-39.464 0zM192 272c44.183 0 80-35.817 80-80s-35.817-80-80-80-80 35.817-80 80 35.817 80 80 80z\"><\/path><\/svg><\/span><span class=\"gb-headline-text\"><strong><font style=\"vertical-align: inherit;\"><font style=\"vertical-align: inherit;\">Servicio boutique, experiencia global<\/font><\/font><\/strong> <\/span><\/h3>\n\n\n\n<p class=\"gb-headline gb-headline-a1904f02 gb-headline-text\"><font style=\"vertical-align: inherit;\"><font style=\"vertical-align: inherit;\">Combinamos un servicio personalizado con un conocimiento integral del mercado, garantizando una atenci\u00f3n detallada a sus necesidades \u00fanicas en el din\u00e1mico entorno inmobiliario de Miami.<\/font><\/font> <\/p>\n\n<\/div>\n\n<div class=\"gb-container gb-container-13e70083\">\n\n<h3 class=\"gb-headline gb-headline-31a1dd6d\"><span class=\"gb-icon\"><svg aria-hidden=\"true\" role=\"img\" height=\"1em\" width=\"1em\" viewBox=\"0 0 512 512\" xmlns=\"http:\/\/www.w3.org\/2000\/svg\"><path fill=\"currentColor\" d=\"M504 256c0 136.967-111.033 248-248 248S8 392.967 8 256 119.033 8 256 8s248 111.033 248 248zM227.314 387.314l184-184c6.248-6.248 6.248-16.379 0-22.627l-22.627-22.627c-6.248-6.249-16.379-6.249-22.628 0L216 308.118l-70.059-70.059c-6.248-6.248-16.379-6.248-22.628 0l-22.627 22.627c-6.248 6.248-6.248 16.379 0 22.627l104 104c6.249 6.249 16.379 6.249 22.628.001z\"><\/path><\/svg><\/span><span class=\"gb-headline-text\"><strong><font style=\"vertical-align: inherit;\"><font style=\"vertical-align: inherit;\">Estrategias financieras personalizadas<\/font><\/font><\/strong> <\/span><\/h3>\n\n\n\n<p class=\"gb-headline gb-headline-209613d3 gb-headline-text\"><font style=\"vertical-align: inherit;\"><font style=\"vertical-align: inherit;\">Nuestro enfoque boutique nos permite dise\u00f1ar soluciones hipotecarias que se adaptan espec\u00edficamente a su situaci\u00f3n financiera y sus aspiraciones de ser propietario de una vivienda.<\/font><\/font> <\/p>\n\n<\/div>\n\n<div class=\"gb-container gb-container-d00a662e\">\n\n<h3 class=\"gb-headline gb-headline-84f5ed1d\"><span class=\"gb-icon\"><svg viewBox=\"0 0 64 64\" xmlns=\"http:\/\/www.w3.org\/2000\/svg\"><path d=\"M11.052 33.048c-.018-.35-.052-.7-.052-1.048 0-10.084 6.998-18.515 16.625-20.531L24.333 9l1.696-1.272C15.091 10.434 7 20.416 7 32c0 .722.041 1.445.103 2.165a10.878 10.878 0 013.949-1.117zM13 52.941V44h-2v8.941c.329.037.662.059 1 .059s.671-.022 1-.059zM9 54.574V58c0 .551.449 1 1 1h4c.551 0 1-.449 1-1v-3.426c-.955.271-1.959.426-3 .426s-2.045-.155-3-.426zM39 25h2v16h-2z\"><\/path><path d=\"M33 10.995l1.099.109C44.874 12.173 53 21.157 53 32c0 3.152-.715 6.24-2.061 9.054.349-.034.703-.054 1.061-.054 1.091 0 2.144.165 3.139.462A24.808 24.808 0 0057 32C57 19.007 46.864 8.057 33.925 7.073L33 7.002V5l-5.334 4L33 13zM31 29h2v12h-2z\"><\/path><path d=\"M32 51h9.051c.395-4.355 3.339-7.976 7.324-9.373A18.966 18.966 0 0051 32c0-9.438-6.804-17.319-16-18.766V17l-5.154-3.866C20.219 14.217 13 22.256 13 32c0 .35.033.701.052 1.053A10.997 10.997 0 0121 37.695V31h6v10h2V27h6v14h2V23h6v20H22.949c.03.33.051.662.051 1 0 1.501-.304 2.931-.85 4.236A18.893 18.893 0 0032 51z\"><\/path><path d=\"M23 33h2v8h-2z\"><\/path><path d=\"M52 43c-4.962 0-9 4.038-9 9 0 2.274.855 4.348 2.251 5.934l.137-1.096a6.672 6.672 0 013.67-5.15A3.97 3.97 0 0148 49c0-2.206 1.794-4 4-4s4 1.794 4 4a3.97 3.97 0 01-1.057 2.687 6.674 6.674 0 013.67 5.15l.137 1.096A8.954 8.954 0 0061 52c0-4.962-4.038-9-9-9zM15 52.475c3.49-1.24 6-4.565 6-8.475 0-4.962-4.038-9-9-9s-9 4.038-9 9c0 3.909 2.51 7.235 6 8.475v-6.659A2.966 2.966 0 018 46c-1.654 0-3-1.346-3-3s1.346-3 3-3c1.302 0 2.402.839 2.816 2h2.369a2.996 2.996 0 012.816-2c1.654 0 3 1.346 3 3s-1.346 3-3 3c-.352 0-.686-.072-1-.184v6.659z\"><\/path><path d=\"M52 53a4.671 4.671 0 00-4.628 4.085l-.304 2.434C48.486 60.453 50.179 61 52 61s3.514-.547 4.932-1.481l-.304-2.434A4.671 4.671 0 0052 53z\"><\/path><path d=\"M32 53a20.9 20.9 0 01-10.794-2.997 11.065 11.065 0 01-2.831 2.945A24.786 24.786 0 0032 57h10.214a10.92 10.92 0 01-1.164-4z\"><\/path><\/svg><\/span><span class=\"gb-headline-text\"><strong><font style=\"vertical-align: inherit;\"><font style=\"vertical-align: inherit;\">Soporte dedicado durante todo el proceso<\/font><\/font><\/strong> <\/span><\/h3>\n\n\n\n<p class=\"gb-headline gb-headline-f11aac7c gb-headline-text\"><font style=\"vertical-align: inherit;\"><font style=\"vertical-align: inherit;\">Con el compromiso de brindar apoyo pr\u00e1ctico, lo guiamos desde la solicitud hasta el cierre, brind\u00e1ndole claridad y asistencia en cada paso del camino para una experiencia perfecta.<\/font><\/font> <\/p>\n\n<\/div>\n<\/div>\n<\/section>\n\n<section class=\"gb-container gb-container-3c2618f1\">\n\n<h2 class=\"gb-headline gb-headline-6b7269d6\"><span class=\"gb-icon\"><svg xmlns=\"http:\/\/www.w3.org\/2000\/svg\" viewBox=\"0 0 36.7 3\"><path d=\"M0 0h36.7v3H0z\"><\/path><\/svg><\/span><span class=\"gb-headline-text\"><font style=\"vertical-align: inherit;\"><font style=\"vertical-align: inherit;\">Conoce a Claudia Casta\u00f1o<\/font><\/font> <\/span><\/h2>\n\n\n\n<p><font style=\"vertical-align: inherit;\"><font style=\"vertical-align: inherit;\">Conozca a Claudia Castano, nuestra fundadora y socia estructuradora de operaciones. Con m\u00e1s de 25 a\u00f1os de experiencia en finanzas, incluida una distinguida carrera bancaria, Claudia posee la experiencia para estructurar pr\u00e9stamos para una aprobaci\u00f3n r\u00e1pida con condiciones m\u00ednimas. Como exgerente de una oficina familiar, Claudia aporta un profundo conocimiento de las estructuras complejas para clientes adinerados. Con un MBA y una maestr\u00eda en finanzas, junto con una licencia principal de corredor hipotecario para el estado de Florida, ejemplifica nuestro compromiso con la excelencia. Claudia tambi\u00e9n es una orgullosa miembro de las principales organizaciones de profesionales hipotecarios en los Estados Unidos, lo que subraya nuestra dedicaci\u00f3n a mantener los m\u00e1s altos est\u00e1ndares de profesionalismo dentro de la industria hipotecaria.<\/font><\/font><\/p>\n\n\n\n<h2 class=\"wp-block-heading\"><font style=\"vertical-align: inherit;\"><font style=\"vertical-align: inherit;\">Para agentes inmobiliarios<\/font><\/font> <\/h2>\n\n\n\n<p><font style=\"vertical-align: inherit;\"><font style=\"vertical-align: inherit;\">Miami Lending Advisors se compromete a brindar a los profesionales del sector inmobiliario servicios hipotecarios de primer nivel, asegur\u00e1ndose de que siempre tengan la ventaja en el competitivo mercado inmobiliario de Miami. Con m\u00e1s de 25 a\u00f1os de experiencia, nuestro equipo ofrece una competencia hipotecaria inigualable, cierres r\u00e1pidos y sin inconvenientes, soluciones de financiamiento a medida y asistencia las 24 horas. Nuestra dedicaci\u00f3n a la comunicaci\u00f3n clara y honesta y las oportunidades de aprendizaje continuo ayudan a nuestros socios a mantenerse a la vanguardia. Conf\u00ede en Miami Lending Advisors para ser su socio estrat\u00e9gico en el \u00e9xito.<\/font><\/font> <\/p>\n\n<\/section>\n\n\n<p><\/p>\n","protected":false},"excerpt":{"rendered":"<p>25 Years Of Experience Asesores de pr\u00e9stamos en Miami Acerca de nosotros &#8211; Miami Lending Advisors LLC Bienvenido a Miami Lending Advisors LLC, su principal compa\u00f1\u00eda hipotecaria con sede en la vibrante ciudad de Miami. Nos enorgullecemos de nuestra inigualable experiencia en la financiaci\u00f3n del mercado inmobiliario del sur de Florida. Nuestra misi\u00f3n es brindar &#8230; <a title=\"QUI\u00c9NES SOMOS\" class=\"read-more\" href=\"https:\/\/miamilendingadvisors.com\/es\/quienes-somos\/\" aria-label=\"Read more about QUI\u00c9NES SOMOS\">Read more<\/a><\/p>\n","protected":false},"author":6,"featured_media":4417,"parent":0,"menu_order":0,"comment_status":"closed","ping_status":"closed","template":"","meta":{"footnotes":""},"class_list":["post-39","page","type-page","status-publish","has-post-thumbnail"],"_hostinger_reach_plugin_has_subscription_block":false,"_hostinger_reach_plugin_is_elementor":false,"_links":{"self":[{"href":"https:\/\/miamilendingadvisors.com\/es\/wp-json\/wp\/v2\/pages\/39","targetHints":{"allow":["GET"]}}],"collection":[{"href":"https:\/\/miamilendingadvisors.com\/es\/wp-json\/wp\/v2\/pages"}],"about":[{"href":"https:\/\/miamilendingadvisors.com\/es\/wp-json\/wp\/v2\/types\/page"}],"author":[{"embeddable":true,"href":"https:\/\/miamilendingadvisors.com\/es\/wp-json\/wp\/v2\/users\/6"}],"replies":[{"embeddable":true,"href":"https:\/\/miamilendingadvisors.com\/es\/wp-json\/wp\/v2\/comments?post=39"}],"version-history":[{"count":26,"href":"https:\/\/miamilendingadvisors.com\/es\/wp-json\/wp\/v2\/pages\/39\/revisions"}],"predecessor-version":[{"id":6083,"href":"https:\/\/miamilendingadvisors.com\/es\/wp-json\/wp\/v2\/pages\/39\/revisions\/6083"}],"wp:featuredmedia":[{"embeddable":true,"href":"https:\/\/miamilendingadvisors.com\/es\/wp-json\/wp\/v2\/media\/4417"}],"wp:attachment":[{"href":"https:\/\/miamilendingadvisors.com\/es\/wp-json\/wp\/v2\/media?parent=39"}],"curies":[{"name":"wp","href":"https:\/\/api.w.org\/{rel}","templated":true}]}}