{"id":3346,"date":"2024-05-30T17:17:54","date_gmt":"2024-05-30T17:17:54","guid":{"rendered":"https:\/\/miamilendingadvisors.com\/es\/?page_id=3346"},"modified":"2025-01-02T11:16:12","modified_gmt":"2025-01-02T16:16:12","slug":"calculadora-de-hipotecas","status":"publish","type":"page","link":"https:\/\/miamilendingadvisors.com\/es\/calculadora-de-hipotecas\/","title":{"rendered":"Calculadora de hipotecas"},"content":{"rendered":"\n<h2 class=\"wp-block-heading\">\u00bfQu\u00e9 Puede Hacer una Calculadora de Hipotecas por Ti?<\/h2>\n\n\n\n<p>Al ingresar informaci\u00f3n b\u00e1sica como el precio de compra, el pago inicial, el plazo del pr\u00e9stamo y la tasa de inter\u00e9s, los usuarios reciben un desglose instant\u00e1neo de sus pagos hipotecarios mensuales. Esto no solo ayuda a planificar el presupuesto, sino tambi\u00e9n a tomar decisiones informadas sobre cu\u00e1nto inmueble pueden permitirse.<\/p>\n\n\n<p>[wprequal_calc]<\/p>\n\n\n\n<h2 class=\"wp-block-heading\">Calculadora de Amortizaci\u00f3n<\/h2>\n\n\n<p>[wprequal_amortize]<\/p>\n\n\n\n<p>Una calculadora de hipotecas es una herramienta indispensable para navegar el complejo camino hacia la propiedad de una vivienda. Puede ser abrumador, pero esta herramienta desmitifica las complejidades financieras de comprar una casa. Este dispositivo poderoso y f\u00e1cil de usar ofrece claridad y tranquilidad a los compradores potenciales, facilitando la comprensi\u00f3n del compromiso que est\u00e1n a punto de asumir.<\/p>\n\n\n\n<h2 class=\"wp-block-heading\">\u00bfC\u00f3mo Puede una Calculadora de Hipotecas Impactar tu Planificaci\u00f3n Financiera?<\/h2>\n\n\n\n<p>Adem\u00e1s, una calculadora de hipotecas puede revelar el impacto financiero a largo plazo de diferentes escenarios, como realizar pagos adicionales o elegir un plazo de pr\u00e9stamo diferente. Este an\u00e1lisis permite a los usuarios personalizar su estrategia hipotecaria seg\u00fan sus objetivos financieros personales, lo que podr\u00eda ahorrarles miles de d\u00f3lares durante la vida del pr\u00e9stamo.<\/p>\n\n\n\n<h2 class=\"wp-block-heading\">\u00bfPor Qu\u00e9 una Calculadora de Hipotecas una Herramienta Esencial?<\/h2>\n\n\n\n<p>Una calculadora de hipotecas es una herramienta esencial en tu kit financiero, simplifica el camino en la compra de vivienda y la seguridad financiera. Proporciona una comprensi\u00f3n clara, concisa e inmediata de los compromisos financieros involucrados en la compra de una casa, asegurando que los usuarios puedan planificar sus finanzas con precisi\u00f3n y confianza.<\/p>\n\n\n\n<h3 class=\"wp-block-heading has-medium-font-size\">Descargo de Responsabilidad<\/h3>\n\n\n\n<p>Los resultados obtenidos con esta calculadora est\u00e1n dise\u00f1ados \u00fanicamente para fines comparativos, y no se garantiza su exactitud. No garantizamos la precisi\u00f3n de ninguna informaci\u00f3n ni de las entradas proporcionadas por los usuarios del software.<\/p>\n\n\n\n<p>Esta calculadora no tiene la capacidad de preaprobarte para ning\u00fan programa de pr\u00e9stamos, lo cual debe ser verificado de manera independiente con uno de nuestros Consultores de Pr\u00e9stamos. La calificaci\u00f3n para programas de pr\u00e9stamos puede requerir informaci\u00f3n adicional, como puntajes de cr\u00e9dito y reservas de efectivo, que no se recopila en esta calculadora. Informaci\u00f3n como tasas de inter\u00e9s y precios est\u00e1n sujetas a cambios en cualquier momento y sin previo aviso. Tarifas adicionales, como cuotas de la HOA, no est\u00e1n incluidas en los c\u00e1lculos. Toda la informaci\u00f3n, como tasas de inter\u00e9s, impuestos, seguros, pagos de PMI, etc., son estimaciones y deben usarse solo para fines de comparaci\u00f3n. No garantizamos la exactitud de ninguna informaci\u00f3n obtenida a trav\u00e9s de esta calculadora.<\/p>\n\n\n\n<p>\u00bfA\u00fan necesitas ayuda con tus decisiones de pr\u00e9stamo?<\/p>\n\n\n\n<p class=\"has-text-align-center\">Estamos aqu\u00ed para hablar sobre tus necesidades financieras y tus sue\u00f1os inmobiliarios.<\/p>\n\n\n\n<p class=\"has-text-align-center\"><strong><em><br><br>\u00a1Haz clic abajo para recibir asesor\u00eda personalizada!<\/em><\/strong><\/p>\n\n\n\n<div class=\"wp-block-group is-nowrap is-layout-flex wp-container-core-group-is-layout-ad2f72ca wp-block-group-is-layout-flex\">\n<a class=\"gb-button gb-button-0c6630c3 gb-button-text\" href=\"https:\/\/miamilendingadvisors.com\/es\/direct-contact\/\" target=\"_blank\" rel=\"noopener noreferrer\">\u00a1Elige tu horario!<\/a>\n<\/div>\n","protected":false},"excerpt":{"rendered":"<p>\u00bfQu\u00e9 Puede Hacer una Calculadora de Hipotecas por Ti? Al ingresar informaci\u00f3n b\u00e1sica como el precio de compra, el pago inicial, el plazo del pr\u00e9stamo y la tasa de inter\u00e9s, los usuarios reciben un desglose instant\u00e1neo de sus pagos hipotecarios mensuales. Esto no solo ayuda a planificar el presupuesto, sino tambi\u00e9n a tomar decisiones informadas &#8230; <a title=\"Calculadora de hipotecas\" class=\"read-more\" href=\"https:\/\/miamilendingadvisors.com\/es\/calculadora-de-hipotecas\/\" aria-label=\"Read more about Calculadora de hipotecas\">Read more<\/a><\/p>\n","protected":false},"author":6,"featured_media":4137,"parent":0,"menu_order":0,"comment_status":"closed","ping_status":"closed","template":"","meta":{"footnotes":""},"class_list":["post-3346","page","type-page","status-publish","has-post-thumbnail"],"_hostinger_reach_plugin_has_subscription_block":false,"_hostinger_reach_plugin_is_elementor":false,"_links":{"self":[{"href":"https:\/\/miamilendingadvisors.com\/es\/wp-json\/wp\/v2\/pages\/3346","targetHints":{"allow":["GET"]}}],"collection":[{"href":"https:\/\/miamilendingadvisors.com\/es\/wp-json\/wp\/v2\/pages"}],"about":[{"href":"https:\/\/miamilendingadvisors.com\/es\/wp-json\/wp\/v2\/types\/page"}],"author":[{"embeddable":true,"href":"https:\/\/miamilendingadvisors.com\/es\/wp-json\/wp\/v2\/users\/6"}],"replies":[{"embeddable":true,"href":"https:\/\/miamilendingadvisors.com\/es\/wp-json\/wp\/v2\/comments?post=3346"}],"version-history":[{"count":12,"href":"https:\/\/miamilendingadvisors.com\/es\/wp-json\/wp\/v2\/pages\/3346\/revisions"}],"predecessor-version":[{"id":5385,"href":"https:\/\/miamilendingadvisors.com\/es\/wp-json\/wp\/v2\/pages\/3346\/revisions\/5385"}],"wp:featuredmedia":[{"embeddable":true,"href":"https:\/\/miamilendingadvisors.com\/es\/wp-json\/wp\/v2\/media\/4137"}],"wp:attachment":[{"href":"https:\/\/miamilendingadvisors.com\/es\/wp-json\/wp\/v2\/media?parent=3346"}],"curies":[{"name":"wp","href":"https:\/\/api.w.org\/{rel}","templated":true}]}}